{"id":1084,"date":"2019-02-03T15:13:36","date_gmt":"2019-02-03T14:13:36","guid":{"rendered":"http:\/\/www.gite-montagne.com\/?page_id=1084"},"modified":"2021-02-23T15:25:04","modified_gmt":"2021-02-23T14:25:04","slug":"radars-images-satellittes","status":"publish","type":"page","link":"https:\/\/www.lajarbelle.com\/index.php\/bienvenue-gite-la-jarbelle-les-orres\/radars-images-satellittes\/","title":{"rendered":"Radars &#038; Satellites"},"content":{"rendered":"\n<h2 class=\"wp-block-heading\" id=\"h-satellite-animation-visible\">Satellite &#8211; animation visible<\/h2>\n\n\n\n<p class=\"has-text-align-right\"><em>sources M\u00e9t\u00e9o France via meteociel.fr<\/em><\/p>\n\n\n\n<div class=\"wp-block-image\"><figure class=\"aligncenter\"><img decoding=\"async\" src=\"http:\/\/neige.meteociel.fr\/satellite\/anim_vis_fr.gif\" alt=\"\"\/><\/figure><\/div>\n\n\n\n<h2 class=\"wp-block-heading\" id=\"h-radar-pr-cipitations-pluie-neige\">Radar pr\u00e9cipitations (pluie &amp; neige)<\/h2>\n\n\n\n<p class=\"has-text-align-right\"><em>sources M\u00e9t\u00e9o France via meteociel.fr<\/em><\/p>\n\n\n\n<div class=\"wp-block-image\"><figure class=\"aligncenter\"><img decoding=\"async\" src=\"http:\/\/www.meteociel.fr\/cartes_obs\/radar\/lastsnowradar.gif\" alt=\"\"\/><\/figure><\/div>\n\n\n\n<h2 class=\"wp-block-heading\" id=\"h-pr-cipitations-sur-le-sud-est-24-heures\">Pr\u00e9cipitations sur le sud-est \u00e0 + 24 heures<\/h2>\n\n\n\n<p class=\"has-text-align-right\"><em>sources M\u00e9t\u00e9o France via meteociel.fr<\/em><\/p>\n\n\n\n<div class=\"wp-block-columns has-5-columns is-layout-flex wp-container-core-columns-is-layout-9d6595d7 wp-block-columns-is-layout-flex\">\n<div class=\"wp-block-column is-layout-flow wp-block-column-is-layout-flow\">\n<p><a href=\"http:\/\/modeles7.meteociel.fr\/modeles\/arpege\/arpege-1-6-4.png\" target=\"_blank\" rel=\"noreferrer noopener\" aria-label=\"+ 6 heures (s\u2019ouvre dans un nouvel onglet)\">+ 6 heures<\/a><\/p>\n\n\n\n<div class=\"wp-block-image\"><figure class=\"aligncenter\"><figure><figure><a href=\"http:\/\/modeles7.meteociel.fr\/modeles\/arpege\/arpege-1-6-4.png\" target=\"_blank\" rel=\"noopener\"><img decoding=\"async\" src=\"http:\/\/modeles7.meteociel.fr\/modeles\/arpege\/arpege-1-6-4.png\" height=\"80\" width=\"80\" alt=\"\"><\/a><\/figure><\/figure><\/figure><\/div>\n\n\n\n<p><a href=\"http:\/\/modeles7.meteociel.fr\/modeles\/arpege\/arpege-1-16-4.png\" target=\"_blank\" rel=\"noreferrer noopener\" aria-label=\"+ 16 heures (s\u2019ouvre dans un nouvel onglet)\">+ 16 heures<\/a><\/p>\n\n\n\n<div class=\"wp-block-image\"><figure class=\"aligncenter\"><a href=\"http:\/\/modeles7.meteociel.fr\/modeles\/arpege\/arpege-1-16-4.png\" target=\"_blank\" rel=\"noopener\"><img decoding=\"async\" src=\"http:\/\/modeles7.meteociel.fr\/modeles\/arpege\/arpege-1-16-4.png\" height=\"80\" width=\"80\" alt=\"\"\/><\/figure><\/div>\n<\/div>\n\n\n\n<div class=\"wp-block-column is-layout-flow wp-block-column-is-layout-flow\">\n<p><a href=\"http:\/\/modeles7.meteociel.fr\/modeles\/arpege\/arpege-1-8-4.png\" target=\"_blank\" rel=\"noreferrer noopener\" aria-label=\"+ 8 heures (s\u2019ouvre dans un nouvel onglet)\">+ 8 heures<\/a><\/p>\n\n\n\n<div class=\"wp-block-image\"><figure class=\"aligncenter\"><a href=\"http:\/\/modeles7.meteociel.fr\/modeles\/arpege\/arpege-1-8-4.png\" target=\"_blank\" rel=\"noopener\"><img decoding=\"async\" src=\"http:\/\/modeles7.meteociel.fr\/modeles\/arpege\/arpege-1-8-4.png\" height=\"80\" width=\"80\" alt=\"\"\/><\/figure><\/div>\n\n\n\n<p><a href=\"http:\/\/modeles7.meteociel.fr\/modeles\/arpege\/arpege-1-18-4.png\" target=\"_blank\" rel=\"noreferrer noopener\" aria-label=\"+ 18 heures (s\u2019ouvre dans un nouvel onglet)\">+ 18 heures<\/a><\/p>\n\n\n\n<div class=\"wp-block-image\"><figure class=\"aligncenter\"><a href=\"http:\/\/modeles7.meteociel.fr\/modeles\/arpege\/arpege-1-18-4.png\" target=\"_blank\" rel=\"noopener\"><img loading=\"lazy\" decoding=\"async\" src=\"http:\/\/modeles7.meteociel.fr\/modeles\/arpege\/arpege-1-18-4.png\" height=\"80\" width=\"80\" alt=\"\"\/><\/figure><\/div>\n<\/div>\n\n\n\n<div class=\"wp-block-column is-layout-flow wp-block-column-is-layout-flow\">\n<p><a href=\"http:\/\/modeles7.meteociel.fr\/modeles\/arpege\/arpege-1-10-4.png\" target=\"_blank\" rel=\"noreferrer noopener\" aria-label=\"+ 10 heures (s\u2019ouvre dans un nouvel onglet)\">+ 10 heures<\/a><\/p>\n\n\n\n<div class=\"wp-block-image\"><figure class=\"aligncenter\"><a href=\"http:\/\/modeles7.meteociel.fr\/modeles\/arpege\/arpege-1-10-4.png\" target=\"_blank\" rel=\"noopener\"><img loading=\"lazy\" decoding=\"async\" src=\"http:\/\/modeles7.meteociel.fr\/modeles\/arpege\/arpege-1-10-4.png\" height=\"80\" width=\"80\" alt=\"\"\/><\/figure><\/div>\n\n\n\n<p><a href=\"http:\/\/modeles7.meteociel.fr\/modeles\/arpege\/arpege-1-20-4.png\" target=\"_blank\" rel=\"noreferrer noopener\" aria-label=\"+ 20 heures (s\u2019ouvre dans un nouvel onglet)\">+ 20 heures<\/a><\/p>\n\n\n\n<div class=\"wp-block-image\"><figure class=\"aligncenter\"><a href=\"http:\/\/modeles7.meteociel.fr\/modeles\/arpege\/arpege-1-20-4.png\" target=\"_blank\" rel=\"noopener\"><img loading=\"lazy\" decoding=\"async\" src=\"http:\/\/modeles7.meteociel.fr\/modeles\/arpege\/arpege-1-20-4.png\" height=\"80\" width=\"80\" alt=\"\"\/><\/figure><\/div>\n<\/div>\n\n\n\n<div class=\"wp-block-column is-layout-flow wp-block-column-is-layout-flow\">\n<p><a href=\"http:\/\/modeles7.meteociel.fr\/modeles\/arpege\/arpege-1-12-4.png\" target=\"_blank\" rel=\"noreferrer noopener\" aria-label=\"+ 12 heures (s\u2019ouvre dans un nouvel onglet)\">+ 12 heures<\/a><\/p>\n\n\n\n<div class=\"wp-block-image\"><figure class=\"aligncenter\"><a href=\"http:\/\/modeles7.meteociel.fr\/modeles\/arpege\/arpege-1-12-4.png\" target=\"_blank\" rel=\"noopener\"><img loading=\"lazy\" decoding=\"async\" src=\"http:\/\/modeles7.meteociel.fr\/modeles\/arpege\/arpege-1-12-4.png\" height=\"80\" width=\"80\" alt=\"\"\/><\/figure><\/div>\n\n\n\n<p><a href=\"http:\/\/modeles7.meteociel.fr\/modeles\/arpege\/arpege-1-22-4.png\" target=\"_blank\" rel=\"noreferrer noopener\" aria-label=\"+ 22 heures (s\u2019ouvre dans un nouvel onglet)\">+ 22 heures<\/a><\/p>\n\n\n\n<div class=\"wp-block-image\"><figure class=\"aligncenter\"><a href=\"http:\/\/modeles7.meteociel.fr\/modeles\/arpege\/arpege-1-22-4.png\" target=\"_blank\" rel=\"noopener\"><img loading=\"lazy\" decoding=\"async\" src=\"http:\/\/modeles7.meteociel.fr\/modeles\/arpege\/arpege-1-22-4.png\" height=\"80\" width=\"80\" alt=\"\"\/><\/figure><\/div>\n<\/div>\n\n\n\n<div class=\"wp-block-column is-layout-flow wp-block-column-is-layout-flow\">\n<p><a href=\"http:\/\/modeles7.meteociel.fr\/modeles\/arpege\/arpege-1-14-4.png\" target=\"_blank\" rel=\"noreferrer noopener\" aria-label=\"+ 14 heures (s\u2019ouvre dans un nouvel onglet)\">+ 14 heures<\/a><\/p>\n\n\n\n<div class=\"wp-block-image\"><figure class=\"aligncenter\"><a href=\"http:\/\/modeles7.meteociel.fr\/modeles\/arpege\/arpege-1-14-4.png\" target=\"_blank\" rel=\"noopener\"><img loading=\"lazy\" decoding=\"async\" src=\"http:\/\/modeles7.meteociel.fr\/modeles\/arpege\/arpege-1-14-4.png\" height=\"80\" width=\"80\" alt=\"\"\/><\/figure><\/div>\n\n\n\n<p><a href=\"http:\/\/modeles7.meteociel.fr\/modeles\/arpege\/arpege-1-24-4.png\" target=\"_blank\" rel=\"noreferrer noopener\" aria-label=\"+ 24 heures (s\u2019ouvre dans un nouvel onglet)\">+ 24 heures<\/a><\/p>\n\n\n\n<div class=\"wp-block-image\"><figure class=\"aligncenter\"><a href=\"http:\/\/modeles7.meteociel.fr\/modeles\/arpege\/arpege-1-24-4.png\" target=\"_blank\" rel=\"noopener\"><img loading=\"lazy\" decoding=\"async\" src=\"http:\/\/modeles7.meteociel.fr\/modeles\/arpege\/arpege-1-24-4.png\" height=\"80\" width=\"80\" alt=\"\"\/><\/figure><\/div>\n<\/div>\n<\/div>\n","protected":false},"excerpt":{"rendered":"<p>Satellite &#8211; animation visible sources M\u00e9t\u00e9o France via meteociel.fr Radar pr\u00e9cipitations (pluie &amp; neige) sources M\u00e9t\u00e9o France via meteociel.fr Pr\u00e9cipitations sur le sud-est \u00e0 + 24 heures sources M\u00e9t\u00e9o France via meteociel.fr + 6 heures + 16 heures + 8 heures + 18 heures + 10 heures + 20 heures + 12 heures + 22 [&hellip;]<\/p>\n","protected":false},"author":1,"featured_media":0,"parent":4302,"menu_order":0,"comment_status":"closed","ping_status":"closed","template":"","meta":{"footnotes":""},"class_list":["post-1084","page","type-page","status-publish","hentry"],"yoast_head":"<!-- This site is optimized with the Yoast SEO Premium plugin v25.6 (Yoast SEO v27.4) - https:\/\/yoast.com\/product\/yoast-seo-premium-wordpress\/ -->\n<title>M\u00e9t\u00e9o - Radars et images satellites<\/title>\n<meta name=\"description\" content=\"Suivi des images radars et satellites. Images pr\u00e9visions \u00e0 24H et plus.\" \/>\n<meta name=\"robots\" content=\"index, follow, max-snippet:-1, max-image-preview:large, max-video-preview:-1\" \/>\n<link rel=\"canonical\" href=\"https:\/\/www.lajarbelle.com\/index.php\/bienvenue-gite-la-jarbelle-les-orres\/radars-images-satellittes\/\" \/>\n<meta property=\"og:locale\" content=\"fr_FR\" \/>\n<meta property=\"og:type\" content=\"article\" \/>\n<meta property=\"og:title\" content=\"Radars &amp; Satellites\" \/>\n<meta property=\"og:description\" content=\"Suivi des images radars et satellites. Images pr\u00e9visions \u00e0 24H et plus.\" \/>\n<meta property=\"og:url\" content=\"https:\/\/www.lajarbelle.com\/index.php\/bienvenue-gite-la-jarbelle-les-orres\/radars-images-satellittes\/\" \/>\n<meta property=\"og:site_name\" content=\"La Jarbelle - G\u00eetes et Spa\" \/>\n<meta property=\"article:publisher\" content=\"https:\/\/www.facebook.com\/gitelajarbelle\" \/>\n<meta property=\"article:modified_time\" content=\"2021-02-23T14:25:04+00:00\" \/>\n<meta property=\"og:image\" content=\"http:\/\/neige.meteociel.fr\/satellite\/anim_vis_fr.gif\" \/>\n<meta name=\"twitter:card\" content=\"summary_large_image\" \/>\n<meta name=\"twitter:site\" content=\"@lajarbelle\" \/>\n<meta name=\"twitter:label1\" content=\"Dur\u00e9e de lecture estim\u00e9e\" \/>\n\t<meta name=\"twitter:data1\" content=\"3 minutes\" \/>\n<script type=\"application\/ld+json\" class=\"yoast-schema-graph\">{\"@context\":\"https:\\\/\\\/schema.org\",\"@graph\":[{\"@type\":\"WebPage\",\"@id\":\"https:\\\/\\\/www.lajarbelle.com\\\/index.php\\\/bienvenue-gite-la-jarbelle-les-orres\\\/radars-images-satellittes\\\/\",\"url\":\"https:\\\/\\\/www.lajarbelle.com\\\/index.php\\\/bienvenue-gite-la-jarbelle-les-orres\\\/radars-images-satellittes\\\/\",\"name\":\"M\u00e9t\u00e9o - Radars et images satellites\",\"isPartOf\":{\"@id\":\"https:\\\/\\\/www.lajarbelle.com\\\/#website\"},\"primaryImageOfPage\":{\"@id\":\"https:\\\/\\\/www.lajarbelle.com\\\/index.php\\\/bienvenue-gite-la-jarbelle-les-orres\\\/radars-images-satellittes\\\/#primaryimage\"},\"image\":{\"@id\":\"https:\\\/\\\/www.lajarbelle.com\\\/index.php\\\/bienvenue-gite-la-jarbelle-les-orres\\\/radars-images-satellittes\\\/#primaryimage\"},\"thumbnailUrl\":\"http:\\\/\\\/neige.meteociel.fr\\\/satellite\\\/anim_vis_fr.gif\",\"datePublished\":\"2019-02-03T14:13:36+00:00\",\"dateModified\":\"2021-02-23T14:25:04+00:00\",\"description\":\"Suivi des images radars et satellites. Images pr\u00e9visions \u00e0 24H et plus.\",\"breadcrumb\":{\"@id\":\"https:\\\/\\\/www.lajarbelle.com\\\/index.php\\\/bienvenue-gite-la-jarbelle-les-orres\\\/radars-images-satellittes\\\/#breadcrumb\"},\"inLanguage\":\"fr-FR\",\"potentialAction\":[{\"@type\":\"ReadAction\",\"target\":[\"https:\\\/\\\/www.lajarbelle.com\\\/index.php\\\/bienvenue-gite-la-jarbelle-les-orres\\\/radars-images-satellittes\\\/\"]}]},{\"@type\":\"ImageObject\",\"inLanguage\":\"fr-FR\",\"@id\":\"https:\\\/\\\/www.lajarbelle.com\\\/index.php\\\/bienvenue-gite-la-jarbelle-les-orres\\\/radars-images-satellittes\\\/#primaryimage\",\"url\":\"http:\\\/\\\/neige.meteociel.fr\\\/satellite\\\/anim_vis_fr.gif\",\"contentUrl\":\"http:\\\/\\\/neige.meteociel.fr\\\/satellite\\\/anim_vis_fr.gif\"},{\"@type\":\"BreadcrumbList\",\"@id\":\"https:\\\/\\\/www.lajarbelle.com\\\/index.php\\\/bienvenue-gite-la-jarbelle-les-orres\\\/radars-images-satellittes\\\/#breadcrumb\",\"itemListElement\":[{\"@type\":\"ListItem\",\"position\":1,\"name\":\"Accueil\",\"item\":\"https:\\\/\\\/www.lajarbelle.com\\\/\"},{\"@type\":\"ListItem\",\"position\":2,\"name\":\"Accueil\",\"item\":\"https:\\\/\\\/www.lajarbelle.com\\\/\"},{\"@type\":\"ListItem\",\"position\":3,\"name\":\"Radars &#038; Satellites\"}]},{\"@type\":\"WebSite\",\"@id\":\"https:\\\/\\\/www.lajarbelle.com\\\/#website\",\"url\":\"https:\\\/\\\/www.lajarbelle.com\\\/\",\"name\":\"La Jarbelle - G\u00eetes et Spa\",\"description\":\"Le bien-\u00eatre \u00e0 la montagne\",\"publisher\":{\"@id\":\"https:\\\/\\\/www.lajarbelle.com\\\/#organization\"},\"potentialAction\":[{\"@type\":\"SearchAction\",\"target\":{\"@type\":\"EntryPoint\",\"urlTemplate\":\"https:\\\/\\\/www.lajarbelle.com\\\/?s={search_term_string}\"},\"query-input\":{\"@type\":\"PropertyValueSpecification\",\"valueRequired\":true,\"valueName\":\"search_term_string\"}}],\"inLanguage\":\"fr-FR\"},{\"@type\":\"Organization\",\"@id\":\"https:\\\/\\\/www.lajarbelle.com\\\/#organization\",\"name\":\"SAS LA JARBELLE\",\"url\":\"https:\\\/\\\/www.lajarbelle.com\\\/\",\"logo\":{\"@type\":\"ImageObject\",\"inLanguage\":\"fr-FR\",\"@id\":\"https:\\\/\\\/www.lajarbelle.com\\\/#\\\/schema\\\/logo\\\/image\\\/\",\"url\":\"https:\\\/\\\/www.lajarbelle.com\\\/wp-content\\\/uploads\\\/2020\\\/05\\\/icone_lajarbelle.png\",\"contentUrl\":\"https:\\\/\\\/www.lajarbelle.com\\\/wp-content\\\/uploads\\\/2020\\\/05\\\/icone_lajarbelle.png\",\"width\":250,\"height\":250,\"caption\":\"SAS LA JARBELLE\"},\"image\":{\"@id\":\"https:\\\/\\\/www.lajarbelle.com\\\/#\\\/schema\\\/logo\\\/image\\\/\"},\"sameAs\":[\"https:\\\/\\\/www.facebook.com\\\/gitelajarbelle\",\"https:\\\/\\\/x.com\\\/lajarbelle\",\"https:\\\/\\\/instagram.com\\\/gite_lajarbelle\",\"http:\\\/\\\/www.linkedin.com\\\/in\\\/guillaume-plisson-05200\",\"https:\\\/\\\/www.pinterest.fr\\\/lajarbelle\"]}]}<\/script>\n<!-- \/ Yoast SEO Premium plugin. -->","yoast_head_json":{"title":"M\u00e9t\u00e9o - Radars et images satellites","description":"Suivi des images radars et satellites. Images pr\u00e9visions \u00e0 24H et plus.","robots":{"index":"index","follow":"follow","max-snippet":"max-snippet:-1","max-image-preview":"max-image-preview:large","max-video-preview":"max-video-preview:-1"},"canonical":"https:\/\/www.lajarbelle.com\/index.php\/bienvenue-gite-la-jarbelle-les-orres\/radars-images-satellittes\/","og_locale":"fr_FR","og_type":"article","og_title":"Radars & Satellites","og_description":"Suivi des images radars et satellites. Images pr\u00e9visions \u00e0 24H et plus.","og_url":"https:\/\/www.lajarbelle.com\/index.php\/bienvenue-gite-la-jarbelle-les-orres\/radars-images-satellittes\/","og_site_name":"La Jarbelle - G\u00eetes et Spa","article_publisher":"https:\/\/www.facebook.com\/gitelajarbelle","article_modified_time":"2021-02-23T14:25:04+00:00","og_image":[{"url":"http:\/\/neige.meteociel.fr\/satellite\/anim_vis_fr.gif","type":"","width":"","height":""}],"twitter_card":"summary_large_image","twitter_site":"@lajarbelle","twitter_misc":{"Dur\u00e9e de lecture estim\u00e9e":"3 minutes"},"schema":{"@context":"https:\/\/schema.org","@graph":[{"@type":"WebPage","@id":"https:\/\/www.lajarbelle.com\/index.php\/bienvenue-gite-la-jarbelle-les-orres\/radars-images-satellittes\/","url":"https:\/\/www.lajarbelle.com\/index.php\/bienvenue-gite-la-jarbelle-les-orres\/radars-images-satellittes\/","name":"M\u00e9t\u00e9o - Radars et images satellites","isPartOf":{"@id":"https:\/\/www.lajarbelle.com\/#website"},"primaryImageOfPage":{"@id":"https:\/\/www.lajarbelle.com\/index.php\/bienvenue-gite-la-jarbelle-les-orres\/radars-images-satellittes\/#primaryimage"},"image":{"@id":"https:\/\/www.lajarbelle.com\/index.php\/bienvenue-gite-la-jarbelle-les-orres\/radars-images-satellittes\/#primaryimage"},"thumbnailUrl":"http:\/\/neige.meteociel.fr\/satellite\/anim_vis_fr.gif","datePublished":"2019-02-03T14:13:36+00:00","dateModified":"2021-02-23T14:25:04+00:00","description":"Suivi des images radars et satellites. Images pr\u00e9visions \u00e0 24H et plus.","breadcrumb":{"@id":"https:\/\/www.lajarbelle.com\/index.php\/bienvenue-gite-la-jarbelle-les-orres\/radars-images-satellittes\/#breadcrumb"},"inLanguage":"fr-FR","potentialAction":[{"@type":"ReadAction","target":["https:\/\/www.lajarbelle.com\/index.php\/bienvenue-gite-la-jarbelle-les-orres\/radars-images-satellittes\/"]}]},{"@type":"ImageObject","inLanguage":"fr-FR","@id":"https:\/\/www.lajarbelle.com\/index.php\/bienvenue-gite-la-jarbelle-les-orres\/radars-images-satellittes\/#primaryimage","url":"http:\/\/neige.meteociel.fr\/satellite\/anim_vis_fr.gif","contentUrl":"http:\/\/neige.meteociel.fr\/satellite\/anim_vis_fr.gif"},{"@type":"BreadcrumbList","@id":"https:\/\/www.lajarbelle.com\/index.php\/bienvenue-gite-la-jarbelle-les-orres\/radars-images-satellittes\/#breadcrumb","itemListElement":[{"@type":"ListItem","position":1,"name":"Accueil","item":"https:\/\/www.lajarbelle.com\/"},{"@type":"ListItem","position":2,"name":"Accueil","item":"https:\/\/www.lajarbelle.com\/"},{"@type":"ListItem","position":3,"name":"Radars &#038; Satellites"}]},{"@type":"WebSite","@id":"https:\/\/www.lajarbelle.com\/#website","url":"https:\/\/www.lajarbelle.com\/","name":"La Jarbelle - G\u00eetes et Spa","description":"Le bien-\u00eatre \u00e0 la montagne","publisher":{"@id":"https:\/\/www.lajarbelle.com\/#organization"},"potentialAction":[{"@type":"SearchAction","target":{"@type":"EntryPoint","urlTemplate":"https:\/\/www.lajarbelle.com\/?s={search_term_string}"},"query-input":{"@type":"PropertyValueSpecification","valueRequired":true,"valueName":"search_term_string"}}],"inLanguage":"fr-FR"},{"@type":"Organization","@id":"https:\/\/www.lajarbelle.com\/#organization","name":"SAS LA JARBELLE","url":"https:\/\/www.lajarbelle.com\/","logo":{"@type":"ImageObject","inLanguage":"fr-FR","@id":"https:\/\/www.lajarbelle.com\/#\/schema\/logo\/image\/","url":"https:\/\/www.lajarbelle.com\/wp-content\/uploads\/2020\/05\/icone_lajarbelle.png","contentUrl":"https:\/\/www.lajarbelle.com\/wp-content\/uploads\/2020\/05\/icone_lajarbelle.png","width":250,"height":250,"caption":"SAS LA JARBELLE"},"image":{"@id":"https:\/\/www.lajarbelle.com\/#\/schema\/logo\/image\/"},"sameAs":["https:\/\/www.facebook.com\/gitelajarbelle","https:\/\/x.com\/lajarbelle","https:\/\/instagram.com\/gite_lajarbelle","http:\/\/www.linkedin.com\/in\/guillaume-plisson-05200","https:\/\/www.pinterest.fr\/lajarbelle"]}]}},"_links":{"self":[{"href":"https:\/\/www.lajarbelle.com\/index.php\/wp-json\/wp\/v2\/pages\/1084","targetHints":{"allow":["GET"]}}],"collection":[{"href":"https:\/\/www.lajarbelle.com\/index.php\/wp-json\/wp\/v2\/pages"}],"about":[{"href":"https:\/\/www.lajarbelle.com\/index.php\/wp-json\/wp\/v2\/types\/page"}],"author":[{"embeddable":true,"href":"https:\/\/www.lajarbelle.com\/index.php\/wp-json\/wp\/v2\/users\/1"}],"replies":[{"embeddable":true,"href":"https:\/\/www.lajarbelle.com\/index.php\/wp-json\/wp\/v2\/comments?post=1084"}],"version-history":[{"count":22,"href":"https:\/\/www.lajarbelle.com\/index.php\/wp-json\/wp\/v2\/pages\/1084\/revisions"}],"predecessor-version":[{"id":4530,"href":"https:\/\/www.lajarbelle.com\/index.php\/wp-json\/wp\/v2\/pages\/1084\/revisions\/4530"}],"up":[{"embeddable":true,"href":"https:\/\/www.lajarbelle.com\/index.php\/wp-json\/wp\/v2\/pages\/4302"}],"wp:attachment":[{"href":"https:\/\/www.lajarbelle.com\/index.php\/wp-json\/wp\/v2\/media?parent=1084"}],"curies":[{"name":"wp","href":"https:\/\/api.w.org\/{rel}","templated":true}]}}