{"id":1175,"date":"2019-02-03T17:14:12","date_gmt":"2019-02-03T16:14:12","guid":{"rendered":"http:\/\/www.gite-montagne.com\/?page_id=1175"},"modified":"2021-02-21T17:42:44","modified_gmt":"2021-02-21T16:42:44","slug":"info-route","status":"publish","type":"page","link":"https:\/\/www.lajarbelle.com\/index.php\/bienvenue-gite-la-jarbelle-les-orres\/info-route\/","title":{"rendered":"Info route"},"content":{"rendered":"\n\n<!-- iframe plugin v.6.0 wordpress.org\/plugins\/iframe\/ -->\n<iframe src=\"https:\/\/www.bison-fute.gouv.fr\/alpes-du-sud.html\" width=\"1400\" height=\"760\" scrolling=\"no\" class=\"iframe-class\" frameborder=\"0\"><\/iframe>\n\n","protected":false},"excerpt":{"rendered":"","protected":false},"author":1,"featured_media":0,"parent":4302,"menu_order":0,"comment_status":"closed","ping_status":"closed","template":"template-no-sidebar.php","meta":{"footnotes":""},"class_list":["post-1175","page","type-page","status-publish","hentry"],"yoast_head":"<!-- This site is optimized with the Yoast SEO Premium plugin v25.6 (Yoast SEO v27.3) - https:\/\/yoast.com\/product\/yoast-seo-premium-wordpress\/ -->\n<title>Informations routi\u00e8res<\/title>\n<meta name=\"description\" content=\"Toutes les informations routi\u00e8res de la r\u00e9gion pour venir au g\u00eete de la Jarbelle sans accroc.\" \/>\n<meta name=\"robots\" content=\"index, follow, max-snippet:-1, max-image-preview:large, max-video-preview:-1\" \/>\n<link rel=\"canonical\" href=\"https:\/\/www.lajarbelle.com\/index.php\/bienvenue-gite-la-jarbelle-les-orres\/info-route\/\" \/>\n<meta property=\"og:locale\" content=\"fr_FR\" \/>\n<meta property=\"og:type\" content=\"article\" \/>\n<meta property=\"og:title\" content=\"Info route\" \/>\n<meta property=\"og:description\" content=\"Toutes les informations routi\u00e8res de la r\u00e9gion pour venir au g\u00eete de la Jarbelle sans accroc.\" \/>\n<meta property=\"og:url\" content=\"https:\/\/www.lajarbelle.com\/index.php\/bienvenue-gite-la-jarbelle-les-orres\/info-route\/\" \/>\n<meta property=\"og:site_name\" content=\"La Jarbelle - G\u00eetes et Spa\" \/>\n<meta property=\"article:publisher\" content=\"https:\/\/www.facebook.com\/gitelajarbelle\" \/>\n<meta property=\"article:modified_time\" content=\"2021-02-21T16:42:44+00:00\" \/>\n<meta property=\"og:image\" content=\"https:\/\/www.lajarbelle.com\/wp-content\/uploads\/2019\/03\/Logo_Jarbelle_Definitif_Paysage_512.png\" \/>\n\t<meta property=\"og:image:width\" content=\"2820\" \/>\n\t<meta property=\"og:image:height\" content=\"2300\" \/>\n\t<meta property=\"og:image:type\" content=\"image\/png\" \/>\n<meta name=\"twitter:card\" content=\"summary_large_image\" \/>\n<meta name=\"twitter:site\" content=\"@lajarbelle\" \/>\n<meta name=\"twitter:label1\" content=\"Dur\u00e9e de lecture estim\u00e9e\" \/>\n\t<meta name=\"twitter:data1\" content=\"1 minute\" \/>\n<script type=\"application\/ld+json\" class=\"yoast-schema-graph\">{\"@context\":\"https:\\\/\\\/schema.org\",\"@graph\":[{\"@type\":\"WebPage\",\"@id\":\"https:\\\/\\\/www.lajarbelle.com\\\/index.php\\\/bienvenue-gite-la-jarbelle-les-orres\\\/info-route\\\/\",\"url\":\"https:\\\/\\\/www.lajarbelle.com\\\/index.php\\\/bienvenue-gite-la-jarbelle-les-orres\\\/info-route\\\/\",\"name\":\"Informations routi\u00e8res\",\"isPartOf\":{\"@id\":\"https:\\\/\\\/www.lajarbelle.com\\\/#website\"},\"datePublished\":\"2019-02-03T16:14:12+00:00\",\"dateModified\":\"2021-02-21T16:42:44+00:00\",\"description\":\"Toutes les informations routi\u00e8res de la r\u00e9gion pour venir au g\u00eete de la Jarbelle sans accroc.\",\"breadcrumb\":{\"@id\":\"https:\\\/\\\/www.lajarbelle.com\\\/index.php\\\/bienvenue-gite-la-jarbelle-les-orres\\\/info-route\\\/#breadcrumb\"},\"inLanguage\":\"fr-FR\",\"potentialAction\":[{\"@type\":\"ReadAction\",\"target\":[\"https:\\\/\\\/www.lajarbelle.com\\\/index.php\\\/bienvenue-gite-la-jarbelle-les-orres\\\/info-route\\\/\"]}]},{\"@type\":\"BreadcrumbList\",\"@id\":\"https:\\\/\\\/www.lajarbelle.com\\\/index.php\\\/bienvenue-gite-la-jarbelle-les-orres\\\/info-route\\\/#breadcrumb\",\"itemListElement\":[{\"@type\":\"ListItem\",\"position\":1,\"name\":\"Accueil\",\"item\":\"https:\\\/\\\/www.lajarbelle.com\\\/\"},{\"@type\":\"ListItem\",\"position\":2,\"name\":\"Accueil\",\"item\":\"https:\\\/\\\/www.lajarbelle.com\\\/\"},{\"@type\":\"ListItem\",\"position\":3,\"name\":\"Info route\"}]},{\"@type\":\"WebSite\",\"@id\":\"https:\\\/\\\/www.lajarbelle.com\\\/#website\",\"url\":\"https:\\\/\\\/www.lajarbelle.com\\\/\",\"name\":\"La Jarbelle - G\u00eetes et Spa\",\"description\":\"Le bien-\u00eatre \u00e0 la montagne\",\"publisher\":{\"@id\":\"https:\\\/\\\/www.lajarbelle.com\\\/#organization\"},\"potentialAction\":[{\"@type\":\"SearchAction\",\"target\":{\"@type\":\"EntryPoint\",\"urlTemplate\":\"https:\\\/\\\/www.lajarbelle.com\\\/?s={search_term_string}\"},\"query-input\":{\"@type\":\"PropertyValueSpecification\",\"valueRequired\":true,\"valueName\":\"search_term_string\"}}],\"inLanguage\":\"fr-FR\"},{\"@type\":\"Organization\",\"@id\":\"https:\\\/\\\/www.lajarbelle.com\\\/#organization\",\"name\":\"SAS LA JARBELLE\",\"url\":\"https:\\\/\\\/www.lajarbelle.com\\\/\",\"logo\":{\"@type\":\"ImageObject\",\"inLanguage\":\"fr-FR\",\"@id\":\"https:\\\/\\\/www.lajarbelle.com\\\/#\\\/schema\\\/logo\\\/image\\\/\",\"url\":\"https:\\\/\\\/www.lajarbelle.com\\\/wp-content\\\/uploads\\\/2020\\\/05\\\/icone_lajarbelle.png\",\"contentUrl\":\"https:\\\/\\\/www.lajarbelle.com\\\/wp-content\\\/uploads\\\/2020\\\/05\\\/icone_lajarbelle.png\",\"width\":250,\"height\":250,\"caption\":\"SAS LA JARBELLE\"},\"image\":{\"@id\":\"https:\\\/\\\/www.lajarbelle.com\\\/#\\\/schema\\\/logo\\\/image\\\/\"},\"sameAs\":[\"https:\\\/\\\/www.facebook.com\\\/gitelajarbelle\",\"https:\\\/\\\/x.com\\\/lajarbelle\",\"https:\\\/\\\/instagram.com\\\/gite_lajarbelle\",\"http:\\\/\\\/www.linkedin.com\\\/in\\\/guillaume-plisson-05200\",\"https:\\\/\\\/www.pinterest.fr\\\/lajarbelle\"]}]}<\/script>\n<!-- \/ Yoast SEO Premium plugin. -->","yoast_head_json":{"title":"Informations routi\u00e8res","description":"Toutes les informations routi\u00e8res de la r\u00e9gion pour venir au g\u00eete de la Jarbelle sans accroc.","robots":{"index":"index","follow":"follow","max-snippet":"max-snippet:-1","max-image-preview":"max-image-preview:large","max-video-preview":"max-video-preview:-1"},"canonical":"https:\/\/www.lajarbelle.com\/index.php\/bienvenue-gite-la-jarbelle-les-orres\/info-route\/","og_locale":"fr_FR","og_type":"article","og_title":"Info route","og_description":"Toutes les informations routi\u00e8res de la r\u00e9gion pour venir au g\u00eete de la Jarbelle sans accroc.","og_url":"https:\/\/www.lajarbelle.com\/index.php\/bienvenue-gite-la-jarbelle-les-orres\/info-route\/","og_site_name":"La Jarbelle - G\u00eetes et Spa","article_publisher":"https:\/\/www.facebook.com\/gitelajarbelle","article_modified_time":"2021-02-21T16:42:44+00:00","og_image":[{"width":2820,"height":2300,"url":"https:\/\/www.lajarbelle.com\/wp-content\/uploads\/2019\/03\/Logo_Jarbelle_Definitif_Paysage_512.png","type":"image\/png"}],"twitter_card":"summary_large_image","twitter_site":"@lajarbelle","twitter_misc":{"Dur\u00e9e de lecture estim\u00e9e":"1 minute"},"schema":{"@context":"https:\/\/schema.org","@graph":[{"@type":"WebPage","@id":"https:\/\/www.lajarbelle.com\/index.php\/bienvenue-gite-la-jarbelle-les-orres\/info-route\/","url":"https:\/\/www.lajarbelle.com\/index.php\/bienvenue-gite-la-jarbelle-les-orres\/info-route\/","name":"Informations routi\u00e8res","isPartOf":{"@id":"https:\/\/www.lajarbelle.com\/#website"},"datePublished":"2019-02-03T16:14:12+00:00","dateModified":"2021-02-21T16:42:44+00:00","description":"Toutes les informations routi\u00e8res de la r\u00e9gion pour venir au g\u00eete de la Jarbelle sans accroc.","breadcrumb":{"@id":"https:\/\/www.lajarbelle.com\/index.php\/bienvenue-gite-la-jarbelle-les-orres\/info-route\/#breadcrumb"},"inLanguage":"fr-FR","potentialAction":[{"@type":"ReadAction","target":["https:\/\/www.lajarbelle.com\/index.php\/bienvenue-gite-la-jarbelle-les-orres\/info-route\/"]}]},{"@type":"BreadcrumbList","@id":"https:\/\/www.lajarbelle.com\/index.php\/bienvenue-gite-la-jarbelle-les-orres\/info-route\/#breadcrumb","itemListElement":[{"@type":"ListItem","position":1,"name":"Accueil","item":"https:\/\/www.lajarbelle.com\/"},{"@type":"ListItem","position":2,"name":"Accueil","item":"https:\/\/www.lajarbelle.com\/"},{"@type":"ListItem","position":3,"name":"Info route"}]},{"@type":"WebSite","@id":"https:\/\/www.lajarbelle.com\/#website","url":"https:\/\/www.lajarbelle.com\/","name":"La Jarbelle - G\u00eetes et Spa","description":"Le bien-\u00eatre \u00e0 la montagne","publisher":{"@id":"https:\/\/www.lajarbelle.com\/#organization"},"potentialAction":[{"@type":"SearchAction","target":{"@type":"EntryPoint","urlTemplate":"https:\/\/www.lajarbelle.com\/?s={search_term_string}"},"query-input":{"@type":"PropertyValueSpecification","valueRequired":true,"valueName":"search_term_string"}}],"inLanguage":"fr-FR"},{"@type":"Organization","@id":"https:\/\/www.lajarbelle.com\/#organization","name":"SAS LA JARBELLE","url":"https:\/\/www.lajarbelle.com\/","logo":{"@type":"ImageObject","inLanguage":"fr-FR","@id":"https:\/\/www.lajarbelle.com\/#\/schema\/logo\/image\/","url":"https:\/\/www.lajarbelle.com\/wp-content\/uploads\/2020\/05\/icone_lajarbelle.png","contentUrl":"https:\/\/www.lajarbelle.com\/wp-content\/uploads\/2020\/05\/icone_lajarbelle.png","width":250,"height":250,"caption":"SAS LA JARBELLE"},"image":{"@id":"https:\/\/www.lajarbelle.com\/#\/schema\/logo\/image\/"},"sameAs":["https:\/\/www.facebook.com\/gitelajarbelle","https:\/\/x.com\/lajarbelle","https:\/\/instagram.com\/gite_lajarbelle","http:\/\/www.linkedin.com\/in\/guillaume-plisson-05200","https:\/\/www.pinterest.fr\/lajarbelle"]}]}},"_links":{"self":[{"href":"https:\/\/www.lajarbelle.com\/index.php\/wp-json\/wp\/v2\/pages\/1175","targetHints":{"allow":["GET"]}}],"collection":[{"href":"https:\/\/www.lajarbelle.com\/index.php\/wp-json\/wp\/v2\/pages"}],"about":[{"href":"https:\/\/www.lajarbelle.com\/index.php\/wp-json\/wp\/v2\/types\/page"}],"author":[{"embeddable":true,"href":"https:\/\/www.lajarbelle.com\/index.php\/wp-json\/wp\/v2\/users\/1"}],"replies":[{"embeddable":true,"href":"https:\/\/www.lajarbelle.com\/index.php\/wp-json\/wp\/v2\/comments?post=1175"}],"version-history":[{"count":14,"href":"https:\/\/www.lajarbelle.com\/index.php\/wp-json\/wp\/v2\/pages\/1175\/revisions"}],"predecessor-version":[{"id":1194,"href":"https:\/\/www.lajarbelle.com\/index.php\/wp-json\/wp\/v2\/pages\/1175\/revisions\/1194"}],"up":[{"embeddable":true,"href":"https:\/\/www.lajarbelle.com\/index.php\/wp-json\/wp\/v2\/pages\/4302"}],"wp:attachment":[{"href":"https:\/\/www.lajarbelle.com\/index.php\/wp-json\/wp\/v2\/media?parent=1175"}],"curies":[{"name":"wp","href":"https:\/\/api.w.org\/{rel}","templated":true}]}}