{"id":1316,"date":"2019-02-06T17:26:44","date_gmt":"2019-02-06T16:26:44","guid":{"rendered":"https:\/\/www.gite-montagne.com\/?page_id=1316"},"modified":"2021-02-21T17:19:39","modified_gmt":"2021-02-21T16:19:39","slug":"nos-activites","status":"publish","type":"page","link":"https:\/\/www.lajarbelle.com\/index.php\/bienvenue-gite-la-jarbelle-les-orres\/nos-activites\/","title":{"rendered":"Nos activit\u00e9s"},"content":{"rendered":"\t\t<div data-elementor-type=\"wp-post\" data-elementor-id=\"1316\" class=\"elementor elementor-1316\" data-elementor-post-type=\"page\">\n\t\t\t\t\t\t<section class=\"elementor-section elementor-top-section elementor-element elementor-element-5ac5cce7 elementor-section-boxed elementor-section-height-default elementor-section-height-default\" data-id=\"5ac5cce7\" data-element_type=\"section\" data-e-type=\"section\">\n\t\t\t\t\t\t<div class=\"elementor-container elementor-column-gap-default\">\n\t\t\t\t\t<div class=\"elementor-column elementor-col-100 elementor-top-column elementor-element elementor-element-56307308\" data-id=\"56307308\" data-element_type=\"column\" data-e-type=\"column\">\n\t\t\t<div class=\"elementor-widget-wrap elementor-element-populated\">\n\t\t\t\t\t\t<div class=\"elementor-element elementor-element-59519a69 elementor-widget elementor-widget-text-editor\" data-id=\"59519a69\" data-element_type=\"widget\" data-e-type=\"widget\" data-widget_type=\"text-editor.default\">\n\t\t\t\t<div class=\"elementor-widget-container\">\n\t\t\t\t\t\t\t\t\t<div class=\"activities-wrapper columns-3\">\n<article id=\"post-1565\" class=\"post-1565 cptp-activity type-cptp-activity status-publish has-post-thumbnail hentry cptp-activity-category-detente cptp-activity-category-sports_ete cptp-activity-category-sport_hiver cptp-activity-category-sur_terre\">\n<p>    <a class=\"post-thumbnail\" href=\"https:\/\/www.lajarbelle.com\/index.php\/activity\/randonnees-pedestres\/\" aria-hidden=\"true\"><br \/>\n        <img fetchpriority=\"high\" decoding=\"async\" width=\"768\" height=\"480\" src=\"https:\/\/www.lajarbelle.com\/wp-content\/uploads\/2021\/09\/Rando_GrdVallon_LesOrres_1200-768x480.jpg\" class=\"attachment-alpenhouse-post-thumbnail-cropped size-alpenhouse-post-thumbnail-cropped wp-post-image\" alt=\"Randonn\u00e9es p\u00e9destres et raquettes\" srcset=\"https:\/\/www.lajarbelle.com\/wp-content\/uploads\/2021\/09\/Rando_GrdVallon_LesOrres_1200-768x480.jpg 768w, https:\/\/www.lajarbelle.com\/wp-content\/uploads\/2021\/09\/Rando_GrdVallon_LesOrres_1200-18x10.jpg 18w\" sizes=\"(max-width: 768px) 100vw, 768px\" \/>        <\/p>\n<div class=\"thumbnail-overlay\"><\/div>\n<p>    <\/a><\/p>\n<div class=\"activity-summary\">\n<header class=\"entry-header\">\n<h2 class=\"entry-title\"><a href=\"https:\/\/www.lajarbelle.com\/index.php\/activity\/randonnees-pedestres\/\" rel=\"bookmark\">Randonn\u00e9es p\u00e9destres et raquettes<\/a><\/h2>\n<\/header>\n<p><!-- .entry-header --><\/p>\n<div class=\"entry-content\">\n<p style=\"text-align: justify;\">Venez d\u00e9couvrir notre r\u00e9gion avec des randonn\u00e9es pour tous les niveaux en autonomie. Des balades \u00e0 la journ\u00e9e autour du lac de Serre-Pon\u00e7on et des vall\u00e9es adjacentes vous m\u00e8neront dans les plus beaux espaces naturels du d\u00e9partement.<\/p>\n<p style=\"text-align: justify;\"><em>* La Jarbelle et l&rsquo;auteur de ces fiches ne pourront pas \u00eatre tenus responsables en cas d&rsquo;accident survenu sur ce circuit.<\/em><\/p>\n<p> <a href=\"https:\/\/www.lajarbelle.com\/index.php\/activity\/randonnees-pedestres\/#more-1565\" class=\"more-link\">Continue reading<span class=\"screen-reader-text\"> \u00ab\u00a0Randonn\u00e9es p\u00e9destres et raquettes\u00a0\u00bb<\/span><\/a>    <\/div>\n<p><!-- .entry-content -->\n    <\/div>\n<\/article>\n<p><!-- #post-1565 --><\/p>\n<article id=\"post-146\" class=\"post-146 cptp-activity type-cptp-activity status-publish has-post-thumbnail hentry cptp-activity-category-sports_ete cptp-activity-category-sur_terre\">\n<p>    <a class=\"post-thumbnail\" href=\"https:\/\/www.lajarbelle.com\/index.php\/activity\/randonnees_vtt\/\" aria-hidden=\"true\"><br \/>\n        <img decoding=\"async\" width=\"768\" height=\"480\" src=\"https:\/\/www.lajarbelle.com\/wp-content\/uploads\/2021\/09\/VTT_Rando_LesOrres_1200-768x480.jpg\" class=\"attachment-alpenhouse-post-thumbnail-cropped size-alpenhouse-post-thumbnail-cropped wp-post-image\" alt=\"Randonn\u00e9es VTT\" srcset=\"https:\/\/www.lajarbelle.com\/wp-content\/uploads\/2021\/09\/VTT_Rando_LesOrres_1200-768x480.jpg 768w, https:\/\/www.lajarbelle.com\/wp-content\/uploads\/2021\/09\/VTT_Rando_LesOrres_1200-300x187.jpg 300w, https:\/\/www.lajarbelle.com\/wp-content\/uploads\/2021\/09\/VTT_Rando_LesOrres_1200-1024x639.jpg 1024w, https:\/\/www.lajarbelle.com\/wp-content\/uploads\/2021\/09\/VTT_Rando_LesOrres_1200-18x12.jpg 18w, https:\/\/www.lajarbelle.com\/wp-content\/uploads\/2021\/09\/VTT_Rando_LesOrres_1200.jpg 1200w\" sizes=\"(max-width: 768px) 100vw, 768px\" \/>        <\/p>\n<div class=\"thumbnail-overlay\"><\/div>\n<p>    <\/a><\/p>\n<div class=\"activity-summary\">\n<header class=\"entry-header\">\n<h2 class=\"entry-title\"><a href=\"https:\/\/www.lajarbelle.com\/index.php\/activity\/randonnees_vtt\/\" rel=\"bookmark\">Randonn\u00e9es VTT<\/a><\/h2>\n<\/header>\n<p><!-- .entry-header --><\/p>\n<div class=\"entry-content\">\n<p style=\"text-align: justify;\">Notre r\u00e9gion poss\u00e8de de nombreux parcours VTT pour tous les niveaux, qui vous m\u00e8neront dans les plus beaux espaces naturels du d\u00e9partement avec notamment la mythique descente Vars-Embrun et ses 32 km de descente !<\/p>\n<p><em>* La Jarbelle et l&rsquo;auteur de ces fiches ne pourront pas \u00eatre tenus responsables en cas d&rsquo;accident survenu sur ces circuits.<\/em><\/p>\n<p style=\"text-align: justify;\"> <a href=\"https:\/\/www.lajarbelle.com\/index.php\/activity\/randonnees_vtt\/#more-146\" class=\"more-link\">Continue reading<span class=\"screen-reader-text\"> \u00ab\u00a0Randonn\u00e9es VTT\u00a0\u00bb<\/span><\/a><\/p>\n<\/p><\/div>\n<p><!-- .entry-content -->\n    <\/div>\n<\/article>\n<p><!-- #post-146 -->\t\t<\/div>\n\n\n\n<p><\/p>\n\t\t\t\t\t\t\t\t<\/div>\n\t\t\t\t<\/div>\n\t\t\t\t\t<\/div>\n\t\t<\/div>\n\t\t\t\t\t<\/div>\n\t\t<\/section>\n\t\t\t\t<\/div>\n\t\t","protected":false},"excerpt":{"rendered":"<p>style=\u00a0\u00bbcolor:blue;\u00a0\u00bb<\/p>\n","protected":false},"author":1,"featured_media":0,"parent":4302,"menu_order":0,"comment_status":"closed","ping_status":"closed","template":"template-no-sidebar.php","meta":{"footnotes":""},"class_list":["post-1316","page","type-page","status-publish","hentry"],"yoast_head":"<!-- This site is optimized with the Yoast SEO Premium plugin v25.6 (Yoast SEO v27.5) - https:\/\/yoast.com\/product\/yoast-seo-premium-wordpress\/ -->\n<title>Activit\u00e9s propos\u00e9es<\/title>\n<meta name=\"description\" content=\"Le g\u00eete de la Jarbelle vous propose un ensemble d&#039;activit\u00e9s en plein air. Notre r\u00e9gion est id\u00e9ale pour ces sports, \u00e9t\u00e9 comme hiver. Randonn\u00e9e p\u00e9destre, randonn\u00e9e VTT, Trail, eau vive, montagne,ski,snowboard, etc.\" \/>\n<meta name=\"robots\" content=\"index, follow, max-snippet:-1, max-image-preview:large, max-video-preview:-1\" \/>\n<link rel=\"canonical\" href=\"https:\/\/www.lajarbelle.com\/index.php\/bienvenue-gite-la-jarbelle-les-orres\/nos-activites\/\" \/>\n<meta property=\"og:locale\" content=\"fr_FR\" \/>\n<meta property=\"og:type\" content=\"article\" \/>\n<meta property=\"og:title\" content=\"Nos activit\u00e9s\" \/>\n<meta property=\"og:description\" content=\"Le g\u00eete de la Jarbelle vous propose un ensemble d&#039;activit\u00e9s en plein air. Notre r\u00e9gion est id\u00e9ale pour ces sports, \u00e9t\u00e9 comme hiver. Randonn\u00e9e p\u00e9destre, randonn\u00e9e VTT, Trail, eau vive, montagne,ski,snowboard, etc.\" \/>\n<meta property=\"og:url\" content=\"https:\/\/www.lajarbelle.com\/index.php\/bienvenue-gite-la-jarbelle-les-orres\/nos-activites\/\" \/>\n<meta property=\"og:site_name\" content=\"La Jarbelle - G\u00eetes et Spa\" \/>\n<meta property=\"article:publisher\" content=\"https:\/\/www.facebook.com\/gitelajarbelle\" \/>\n<meta property=\"article:modified_time\" content=\"2021-02-21T16:19:39+00:00\" \/>\n<meta property=\"og:image\" content=\"https:\/\/www.lajarbelle.com\/wp-content\/uploads\/2019\/03\/Logo_Jarbelle_Definitif_Paysage_512.png\" \/>\n\t<meta property=\"og:image:width\" content=\"2820\" \/>\n\t<meta property=\"og:image:height\" content=\"2300\" \/>\n\t<meta property=\"og:image:type\" content=\"image\/png\" \/>\n<meta name=\"twitter:card\" content=\"summary_large_image\" \/>\n<meta name=\"twitter:site\" content=\"@lajarbelle\" \/>\n<meta name=\"twitter:label1\" content=\"Dur\u00e9e de lecture estim\u00e9e\" \/>\n\t<meta name=\"twitter:data1\" content=\"1 minute\" \/>\n<script type=\"application\/ld+json\" class=\"yoast-schema-graph\">{\"@context\":\"https:\\\/\\\/schema.org\",\"@graph\":[{\"@type\":\"WebPage\",\"@id\":\"https:\\\/\\\/www.lajarbelle.com\\\/index.php\\\/bienvenue-gite-la-jarbelle-les-orres\\\/nos-activites\\\/\",\"url\":\"https:\\\/\\\/www.lajarbelle.com\\\/index.php\\\/bienvenue-gite-la-jarbelle-les-orres\\\/nos-activites\\\/\",\"name\":\"Activit\u00e9s propos\u00e9es\",\"isPartOf\":{\"@id\":\"https:\\\/\\\/www.lajarbelle.com\\\/#website\"},\"datePublished\":\"2019-02-06T16:26:44+00:00\",\"dateModified\":\"2021-02-21T16:19:39+00:00\",\"description\":\"Le g\u00eete de la Jarbelle vous propose un ensemble d'activit\u00e9s en plein air. Notre r\u00e9gion est id\u00e9ale pour ces sports, \u00e9t\u00e9 comme hiver. Randonn\u00e9e p\u00e9destre, randonn\u00e9e VTT, Trail, eau vive, montagne,ski,snowboard, etc.\",\"breadcrumb\":{\"@id\":\"https:\\\/\\\/www.lajarbelle.com\\\/index.php\\\/bienvenue-gite-la-jarbelle-les-orres\\\/nos-activites\\\/#breadcrumb\"},\"inLanguage\":\"fr-FR\",\"potentialAction\":[{\"@type\":\"ReadAction\",\"target\":[\"https:\\\/\\\/www.lajarbelle.com\\\/index.php\\\/bienvenue-gite-la-jarbelle-les-orres\\\/nos-activites\\\/\"]}]},{\"@type\":\"BreadcrumbList\",\"@id\":\"https:\\\/\\\/www.lajarbelle.com\\\/index.php\\\/bienvenue-gite-la-jarbelle-les-orres\\\/nos-activites\\\/#breadcrumb\",\"itemListElement\":[{\"@type\":\"ListItem\",\"position\":1,\"name\":\"Accueil\",\"item\":\"https:\\\/\\\/www.lajarbelle.com\\\/\"},{\"@type\":\"ListItem\",\"position\":2,\"name\":\"Accueil\",\"item\":\"https:\\\/\\\/www.lajarbelle.com\\\/\"},{\"@type\":\"ListItem\",\"position\":3,\"name\":\"Nos activit\u00e9s\"}]},{\"@type\":\"WebSite\",\"@id\":\"https:\\\/\\\/www.lajarbelle.com\\\/#website\",\"url\":\"https:\\\/\\\/www.lajarbelle.com\\\/\",\"name\":\"La Jarbelle - G\u00eetes et Spa\",\"description\":\"Le bien-\u00eatre \u00e0 la montagne\",\"publisher\":{\"@id\":\"https:\\\/\\\/www.lajarbelle.com\\\/#organization\"},\"potentialAction\":[{\"@type\":\"SearchAction\",\"target\":{\"@type\":\"EntryPoint\",\"urlTemplate\":\"https:\\\/\\\/www.lajarbelle.com\\\/?s={search_term_string}\"},\"query-input\":{\"@type\":\"PropertyValueSpecification\",\"valueRequired\":true,\"valueName\":\"search_term_string\"}}],\"inLanguage\":\"fr-FR\"},{\"@type\":\"Organization\",\"@id\":\"https:\\\/\\\/www.lajarbelle.com\\\/#organization\",\"name\":\"SAS LA JARBELLE\",\"url\":\"https:\\\/\\\/www.lajarbelle.com\\\/\",\"logo\":{\"@type\":\"ImageObject\",\"inLanguage\":\"fr-FR\",\"@id\":\"https:\\\/\\\/www.lajarbelle.com\\\/#\\\/schema\\\/logo\\\/image\\\/\",\"url\":\"https:\\\/\\\/www.lajarbelle.com\\\/wp-content\\\/uploads\\\/2020\\\/05\\\/icone_lajarbelle.png\",\"contentUrl\":\"https:\\\/\\\/www.lajarbelle.com\\\/wp-content\\\/uploads\\\/2020\\\/05\\\/icone_lajarbelle.png\",\"width\":250,\"height\":250,\"caption\":\"SAS LA JARBELLE\"},\"image\":{\"@id\":\"https:\\\/\\\/www.lajarbelle.com\\\/#\\\/schema\\\/logo\\\/image\\\/\"},\"sameAs\":[\"https:\\\/\\\/www.facebook.com\\\/gitelajarbelle\",\"https:\\\/\\\/x.com\\\/lajarbelle\",\"https:\\\/\\\/instagram.com\\\/gite_lajarbelle\",\"http:\\\/\\\/www.linkedin.com\\\/in\\\/guillaume-plisson-05200\",\"https:\\\/\\\/www.pinterest.fr\\\/lajarbelle\"]}]}<\/script>\n<!-- \/ Yoast SEO Premium plugin. -->","yoast_head_json":{"title":"Activit\u00e9s propos\u00e9es","description":"Le g\u00eete de la Jarbelle vous propose un ensemble d'activit\u00e9s en plein air. Notre r\u00e9gion est id\u00e9ale pour ces sports, \u00e9t\u00e9 comme hiver. Randonn\u00e9e p\u00e9destre, randonn\u00e9e VTT, Trail, eau vive, montagne,ski,snowboard, etc.","robots":{"index":"index","follow":"follow","max-snippet":"max-snippet:-1","max-image-preview":"max-image-preview:large","max-video-preview":"max-video-preview:-1"},"canonical":"https:\/\/www.lajarbelle.com\/index.php\/bienvenue-gite-la-jarbelle-les-orres\/nos-activites\/","og_locale":"fr_FR","og_type":"article","og_title":"Nos activit\u00e9s","og_description":"Le g\u00eete de la Jarbelle vous propose un ensemble d'activit\u00e9s en plein air. Notre r\u00e9gion est id\u00e9ale pour ces sports, \u00e9t\u00e9 comme hiver. Randonn\u00e9e p\u00e9destre, randonn\u00e9e VTT, Trail, eau vive, montagne,ski,snowboard, etc.","og_url":"https:\/\/www.lajarbelle.com\/index.php\/bienvenue-gite-la-jarbelle-les-orres\/nos-activites\/","og_site_name":"La Jarbelle - G\u00eetes et Spa","article_publisher":"https:\/\/www.facebook.com\/gitelajarbelle","article_modified_time":"2021-02-21T16:19:39+00:00","og_image":[{"width":2820,"height":2300,"url":"https:\/\/www.lajarbelle.com\/wp-content\/uploads\/2019\/03\/Logo_Jarbelle_Definitif_Paysage_512.png","type":"image\/png"}],"twitter_card":"summary_large_image","twitter_site":"@lajarbelle","twitter_misc":{"Dur\u00e9e de lecture estim\u00e9e":"1 minute"},"schema":{"@context":"https:\/\/schema.org","@graph":[{"@type":"WebPage","@id":"https:\/\/www.lajarbelle.com\/index.php\/bienvenue-gite-la-jarbelle-les-orres\/nos-activites\/","url":"https:\/\/www.lajarbelle.com\/index.php\/bienvenue-gite-la-jarbelle-les-orres\/nos-activites\/","name":"Activit\u00e9s propos\u00e9es","isPartOf":{"@id":"https:\/\/www.lajarbelle.com\/#website"},"datePublished":"2019-02-06T16:26:44+00:00","dateModified":"2021-02-21T16:19:39+00:00","description":"Le g\u00eete de la Jarbelle vous propose un ensemble d'activit\u00e9s en plein air. Notre r\u00e9gion est id\u00e9ale pour ces sports, \u00e9t\u00e9 comme hiver. Randonn\u00e9e p\u00e9destre, randonn\u00e9e VTT, Trail, eau vive, montagne,ski,snowboard, etc.","breadcrumb":{"@id":"https:\/\/www.lajarbelle.com\/index.php\/bienvenue-gite-la-jarbelle-les-orres\/nos-activites\/#breadcrumb"},"inLanguage":"fr-FR","potentialAction":[{"@type":"ReadAction","target":["https:\/\/www.lajarbelle.com\/index.php\/bienvenue-gite-la-jarbelle-les-orres\/nos-activites\/"]}]},{"@type":"BreadcrumbList","@id":"https:\/\/www.lajarbelle.com\/index.php\/bienvenue-gite-la-jarbelle-les-orres\/nos-activites\/#breadcrumb","itemListElement":[{"@type":"ListItem","position":1,"name":"Accueil","item":"https:\/\/www.lajarbelle.com\/"},{"@type":"ListItem","position":2,"name":"Accueil","item":"https:\/\/www.lajarbelle.com\/"},{"@type":"ListItem","position":3,"name":"Nos activit\u00e9s"}]},{"@type":"WebSite","@id":"https:\/\/www.lajarbelle.com\/#website","url":"https:\/\/www.lajarbelle.com\/","name":"La Jarbelle - G\u00eetes et Spa","description":"Le bien-\u00eatre \u00e0 la montagne","publisher":{"@id":"https:\/\/www.lajarbelle.com\/#organization"},"potentialAction":[{"@type":"SearchAction","target":{"@type":"EntryPoint","urlTemplate":"https:\/\/www.lajarbelle.com\/?s={search_term_string}"},"query-input":{"@type":"PropertyValueSpecification","valueRequired":true,"valueName":"search_term_string"}}],"inLanguage":"fr-FR"},{"@type":"Organization","@id":"https:\/\/www.lajarbelle.com\/#organization","name":"SAS LA JARBELLE","url":"https:\/\/www.lajarbelle.com\/","logo":{"@type":"ImageObject","inLanguage":"fr-FR","@id":"https:\/\/www.lajarbelle.com\/#\/schema\/logo\/image\/","url":"https:\/\/www.lajarbelle.com\/wp-content\/uploads\/2020\/05\/icone_lajarbelle.png","contentUrl":"https:\/\/www.lajarbelle.com\/wp-content\/uploads\/2020\/05\/icone_lajarbelle.png","width":250,"height":250,"caption":"SAS LA JARBELLE"},"image":{"@id":"https:\/\/www.lajarbelle.com\/#\/schema\/logo\/image\/"},"sameAs":["https:\/\/www.facebook.com\/gitelajarbelle","https:\/\/x.com\/lajarbelle","https:\/\/instagram.com\/gite_lajarbelle","http:\/\/www.linkedin.com\/in\/guillaume-plisson-05200","https:\/\/www.pinterest.fr\/lajarbelle"]}]}},"_links":{"self":[{"href":"https:\/\/www.lajarbelle.com\/index.php\/wp-json\/wp\/v2\/pages\/1316","targetHints":{"allow":["GET"]}}],"collection":[{"href":"https:\/\/www.lajarbelle.com\/index.php\/wp-json\/wp\/v2\/pages"}],"about":[{"href":"https:\/\/www.lajarbelle.com\/index.php\/wp-json\/wp\/v2\/types\/page"}],"author":[{"embeddable":true,"href":"https:\/\/www.lajarbelle.com\/index.php\/wp-json\/wp\/v2\/users\/1"}],"replies":[{"embeddable":true,"href":"https:\/\/www.lajarbelle.com\/index.php\/wp-json\/wp\/v2\/comments?post=1316"}],"version-history":[{"count":13,"href":"https:\/\/www.lajarbelle.com\/index.php\/wp-json\/wp\/v2\/pages\/1316\/revisions"}],"predecessor-version":[{"id":3889,"href":"https:\/\/www.lajarbelle.com\/index.php\/wp-json\/wp\/v2\/pages\/1316\/revisions\/3889"}],"up":[{"embeddable":true,"href":"https:\/\/www.lajarbelle.com\/index.php\/wp-json\/wp\/v2\/pages\/4302"}],"wp:attachment":[{"href":"https:\/\/www.lajarbelle.com\/index.php\/wp-json\/wp\/v2\/media?parent=1316"}],"curies":[{"name":"wp","href":"https:\/\/api.w.org\/{rel}","templated":true}]}}