{"id":1446,"date":"2019-02-11T16:21:33","date_gmt":"2019-02-11T15:21:33","guid":{"rendered":"https:\/\/www.gite-montagne.com\/?page_id=1446"},"modified":"2023-06-26T08:47:07","modified_gmt":"2023-06-26T06:47:07","slug":"rispa","status":"publish","type":"page","link":"https:\/\/www.lajarbelle.com\/index.php\/rispa\/","title":{"rendered":"R\u00e8glement int\u00e9rieur de l&rsquo;espace bien-\u00eatre"},"content":{"rendered":"<blockquote>\n<p style=\"text-align: justify;\"><span style=\"color: #000000;\"><b>Nous vous souhaitons de profiter avec pl\u00e9nitude de l&rsquo;espace Bien-\u00catre du g\u00eete La Jarbelle.<br \/>\n<\/b><\/span><br \/>\n<em>Nathalie et Christian<\/em><\/p>\n<\/blockquote>\n<p style=\"text-align: justify;\">\n<p style=\"text-align: justify;\"><span style=\"font-weight: 400;\">Nous mettons \u00e0 votre disposition cet espace de d\u00e9tente priv\u00e9 de qualit\u00e9. Son utilisation n\u00e9cessite quelques r\u00e8gles strictes concernant le respect des lieux, l&rsquo;hygi\u00e8ne et la s\u00e9curit\u00e9.<\/span><\/p>\n<p style=\"text-align: justify;\"><span style=\"font-weight: 400;\">Nous vous remercions de vous servir de cet endroit avec autant de soin que s&rsquo;il \u00e9tait \u00e0 vous, et en le quittant, de penser que les utilisateurs suivants auront autant de plaisir que vous \u00e0 trouver un espace propre et agr\u00e9able pour se d\u00e9tendre. Tous manquement \u00e0 ces r\u00e8gles est susceptible d&rsquo;entra\u00eener l&rsquo;interdiction pure et simple et sans pr\u00e9avis d&rsquo;acc\u00e8s \u00e0 l&rsquo;espace bien-\u00eatre (aucun remboursement n\u2019\u00e9tant effectu\u00e9 dans ce cas de figure).<\/span><\/p>\n<p style=\"text-align: justify;\"><span style=\"font-weight: 400;\">La Direction se r\u00e9serve le droit de fermer l\u2019espace d\u00e9tente en cas de force majeure comme par exemple :<\/span><\/p>\n<ul style=\"text-align: justify;\">\n<li style=\"font-weight: 400;\"><span style=\"font-weight: 400;\">mauvaise qualit\u00e9 bact\u00e9riologique de l\u2019eau,<\/span><\/li>\n<\/ul>\n<ul style=\"text-align: justify;\">\n<li style=\"font-weight: 400;\"><span style=\"font-weight: 400;\">fermeture pour entretien,<\/span><\/li>\n<\/ul>\n<ul style=\"text-align: justify;\">\n<li style=\"font-weight: 400;\"><span style=\"font-weight: 400;\">non respect des consignes d\u2019hygi\u00e8ne et de s\u00e9curit\u00e9,<\/span><\/li>\n<li>conditions climatiques.<\/li>\n<\/ul>\n<h3 style=\"text-align: justify;\"><b><i>R\u00e8gles de fonctionnement g\u00e9n\u00e9ral :<\/i><\/b><\/h3>\n<p>L\u2019espace bien-\u00eatre est ouvert tous les jours, sauf le lundi, de 14h30 \u00e0 18h30.<\/p>\n<p>La capacit\u00e9 minimale et maximale d\u2019accueil est de 2 \u00e0 6 personnes par tranche d\u2019une heure.<\/p>\n<p>L\u2019acc\u00e8s co\u00fbte 25\u20ac par personne et par heure pour les r\u00e9sidents du g\u00eete LA JARBELLE, 40\u20ac par personne et par heure pour les externes.<\/p>\n<p>L\u2019acc\u00e8s \u00e0 l\u2019espace bien-\u00eatre se fait uniquement sur r\u00e9servation selon les disponibilit\u00e9s et sur les cr\u00e9neaux horaires suivants : 14h30-15h30, 16h00-17h00 ou 17h30-18h30.<\/p>\n<p>Avant le d\u00e9but de votre 1\u00e8re s\u00e9ance, un kit comprenant sabots, serviette (et peignoir en hiver) et un gobelet r\u00e9utilisable vous sera remis.<\/p>\n<p>Veuillez donc ne pas utiliser les serviettes de toilette des appartements ou chambres.<\/p>\n<p>Nous vous prions de laisser vos chaussures \u00e0 l\u2019entr\u00e9e de l\u2019espace bien-\u00eatre dans le cabanon d\u2019accueil.<\/p>\n<p>A l\u2019issue de votre passage dans l\u2019espace bien-\u00eatre, ramenez les peignoirs, les serviettes et vos sabots dans le salon. Lors de votre d\u00e9part, merci de ramener ces derniers \u00e0 la direction (un peignoir perdu sera factur\u00e9 30\u20ac et la serviette 15\u20ac).<\/p>\n<p>Nourriture et boissons autres que de l&rsquo;eau et le th\u00e9 mis \u00e0 votre disposition sont interdites au sein de l&rsquo;espace Bien \u00eatre.<\/p>\n<p>En cas de d\u00e9gradation du mat\u00e9riel d\u00fb \u00e0 une utilisation inappropri\u00e9e des installations ou au non respect du r\u00e8glement, les frais de r\u00e9paration et\/ou de remise en \u00e9tat seront \u00e0 la charge des utilisateurs (l\u2019eau du bain nordique en faisant partie).<\/p>\n<p>Les appareils photos, les cam\u00e9ras et les t\u00e9l\u00e9phones portables sont interdits dans l\u2019espace bien-\u00eatre.<\/p>\n<h3 style=\"text-align: justify;\"><b><i>R\u00e8gles d\u2019hygi\u00e8ne &amp; s\u00e9curit\u00e9:<\/i><\/b><\/h3>\n<p>Afin de vous garantir une hygi\u00e8ne irr\u00e9prochable, il est obligatoire de se doucher \u00e0 l&rsquo;eau savonneuse et de bien se rincer avant d&rsquo;entrer dans le bain ou le sauna (pas de cr\u00e8me ni de maquillage).<\/p>\n<p>Des toilettes sont \u00e0 votre disposition au niveau de la salle \u00e0 manger du g\u00eete. Pensez \u00e0 anticiper cela avant d\u2019acc\u00e9der \u00e0 l\u2019espace bien-\u00eatre.<\/p>\n<p>Le port du maillot de bain est obligatoire dans toutes les zones de l\u2019espace bien-\u00eatre. Pour les hommes et les gar\u00e7ons seuls les maillots \u00ab boxers \u00bb ou \u00ab slips \u00bb de bain sont autoris\u00e9s (pas de shorts de bain). Les cheveux longs doivent \u00eatre imp\u00e9rativement attach\u00e9s. Le port d&rsquo;une serviette est obligatoire dans le sauna.<\/p>\n<h3 style=\"text-align: justify;\"><b><i>R\u00e8gles d\u2019acc\u00e8s :<\/i><\/b><\/h3>\n<p>Les enfants de moins de 14 ans ne sont pas autoris\u00e9s dans l&rsquo;espace bien \u00eatre. Les mineurs doivent \u00eatre obligatoirement accompagn\u00e9s par un parent majeur, la direction d\u00e9clinant toute responsabilit\u00e9 en cas d\u2019accident.<\/p>\n<p>L\u2019acc\u00e8s \u00e0 l\u2019espace bien-\u00eatre est r\u00e9serv\u00e9 aux personnes qui n\u2019ont pas de probl\u00e8mes d\u2019hypertension ou d\u2019hypotension art\u00e9rielle, de probl\u00e8mes cardiaque, de troubles circulatoires, de probl\u00e8mes r\u00e9naux, de diab\u00e8te, d\u2019\u00e9pilepsie et ne souffrant pas de maladies contagieuses. Les porteurs de l\u00e9sions cutan\u00e9es suspectes ou portant des pansements sont interdits.<\/p>\n<p>L&rsquo;acc\u00e8s au bain nordique et au sauna est interdit aux femmes enceintes.<\/p>\n","protected":false},"excerpt":{"rendered":"<p>Nous vous souhaitons de profiter avec pl\u00e9nitude de l&rsquo;espace Bien-\u00catre du g\u00eete La Jarbelle. Nathalie et Christian Nous mettons \u00e0 votre disposition cet espace de d\u00e9tente priv\u00e9 de qualit\u00e9. Son utilisation n\u00e9cessite quelques r\u00e8gles strictes concernant le respect des lieux, l&rsquo;hygi\u00e8ne et la s\u00e9curit\u00e9. Nous vous remercions de vous servir de cet endroit avec autant [&hellip;]<\/p>\n","protected":false},"author":1,"featured_media":0,"parent":0,"menu_order":0,"comment_status":"closed","ping_status":"closed","template":"template-boxed.php","meta":{"footnotes":""},"class_list":["post-1446","page","type-page","status-publish","hentry"],"yoast_head":"<!-- This site is optimized with the Yoast SEO Premium plugin v25.6 (Yoast SEO v27.4) - https:\/\/yoast.com\/product\/yoast-seo-premium-wordpress\/ -->\n<title>Spa r\u00e8glement int\u00e9rieur<\/title>\n<meta name=\"description\" content=\"R\u00e8glement int\u00e9rieur de l&#039;espace bien-\u00eatre du g\u00eete de la jarbelle aux orres - hautes-alpes. Acc\u00e8s priv\u00e9 r\u00e9serv\u00e9 aux propri\u00e9taires et aux h\u00f4tes.\" \/>\n<meta name=\"robots\" content=\"index, follow, max-snippet:-1, max-image-preview:large, max-video-preview:-1\" \/>\n<link rel=\"canonical\" href=\"https:\/\/www.lajarbelle.com\/index.php\/rispa\/\" \/>\n<meta property=\"og:locale\" content=\"fr_FR\" \/>\n<meta property=\"og:type\" content=\"article\" \/>\n<meta property=\"og:title\" content=\"R\u00e8glement int\u00e9rieur de l&#039;espace bien-\u00eatre\" \/>\n<meta property=\"og:description\" content=\"R\u00e8glement int\u00e9rieur de l&#039;espace bien-\u00eatre du g\u00eete de la jarbelle aux orres - hautes-alpes. Acc\u00e8s priv\u00e9 r\u00e9serv\u00e9 aux propri\u00e9taires et aux h\u00f4tes.\" \/>\n<meta property=\"og:url\" content=\"https:\/\/www.lajarbelle.com\/index.php\/rispa\/\" \/>\n<meta property=\"og:site_name\" content=\"La Jarbelle - G\u00eetes et Spa\" \/>\n<meta property=\"article:publisher\" content=\"https:\/\/www.facebook.com\/gitelajarbelle\" \/>\n<meta property=\"article:modified_time\" content=\"2023-06-26T06:47:07+00:00\" \/>\n<meta property=\"og:image\" content=\"https:\/\/www.lajarbelle.com\/wp-content\/uploads\/2019\/03\/Logo_Jarbelle_Definitif_Paysage_512.png\" \/>\n\t<meta property=\"og:image:width\" content=\"2820\" \/>\n\t<meta property=\"og:image:height\" content=\"2300\" \/>\n\t<meta property=\"og:image:type\" content=\"image\/png\" \/>\n<meta name=\"twitter:card\" content=\"summary_large_image\" \/>\n<meta name=\"twitter:site\" content=\"@lajarbelle\" \/>\n<meta name=\"twitter:label1\" content=\"Dur\u00e9e de lecture estim\u00e9e\" \/>\n\t<meta name=\"twitter:data1\" content=\"4 minutes\" \/>\n<script type=\"application\/ld+json\" class=\"yoast-schema-graph\">{\"@context\":\"https:\\\/\\\/schema.org\",\"@graph\":[{\"@type\":\"WebPage\",\"@id\":\"https:\\\/\\\/www.lajarbelle.com\\\/index.php\\\/rispa\\\/\",\"url\":\"https:\\\/\\\/www.lajarbelle.com\\\/index.php\\\/rispa\\\/\",\"name\":\"Spa r\u00e8glement int\u00e9rieur\",\"isPartOf\":{\"@id\":\"https:\\\/\\\/www.lajarbelle.com\\\/#website\"},\"datePublished\":\"2019-02-11T15:21:33+00:00\",\"dateModified\":\"2023-06-26T06:47:07+00:00\",\"description\":\"R\u00e8glement int\u00e9rieur de l'espace bien-\u00eatre du g\u00eete de la jarbelle aux orres - hautes-alpes. Acc\u00e8s priv\u00e9 r\u00e9serv\u00e9 aux propri\u00e9taires et aux h\u00f4tes.\",\"breadcrumb\":{\"@id\":\"https:\\\/\\\/www.lajarbelle.com\\\/index.php\\\/rispa\\\/#breadcrumb\"},\"inLanguage\":\"fr-FR\",\"potentialAction\":[{\"@type\":\"ReadAction\",\"target\":[\"https:\\\/\\\/www.lajarbelle.com\\\/index.php\\\/rispa\\\/\"]}]},{\"@type\":\"BreadcrumbList\",\"@id\":\"https:\\\/\\\/www.lajarbelle.com\\\/index.php\\\/rispa\\\/#breadcrumb\",\"itemListElement\":[{\"@type\":\"ListItem\",\"position\":1,\"name\":\"Accueil\",\"item\":\"https:\\\/\\\/www.lajarbelle.com\\\/\"},{\"@type\":\"ListItem\",\"position\":2,\"name\":\"R\u00e8glement int\u00e9rieur de l&rsquo;espace bien-\u00eatre\"}]},{\"@type\":\"WebSite\",\"@id\":\"https:\\\/\\\/www.lajarbelle.com\\\/#website\",\"url\":\"https:\\\/\\\/www.lajarbelle.com\\\/\",\"name\":\"La Jarbelle - G\u00eetes et Spa\",\"description\":\"Le bien-\u00eatre \u00e0 la montagne\",\"publisher\":{\"@id\":\"https:\\\/\\\/www.lajarbelle.com\\\/#organization\"},\"potentialAction\":[{\"@type\":\"SearchAction\",\"target\":{\"@type\":\"EntryPoint\",\"urlTemplate\":\"https:\\\/\\\/www.lajarbelle.com\\\/?s={search_term_string}\"},\"query-input\":{\"@type\":\"PropertyValueSpecification\",\"valueRequired\":true,\"valueName\":\"search_term_string\"}}],\"inLanguage\":\"fr-FR\"},{\"@type\":\"Organization\",\"@id\":\"https:\\\/\\\/www.lajarbelle.com\\\/#organization\",\"name\":\"SAS LA JARBELLE\",\"url\":\"https:\\\/\\\/www.lajarbelle.com\\\/\",\"logo\":{\"@type\":\"ImageObject\",\"inLanguage\":\"fr-FR\",\"@id\":\"https:\\\/\\\/www.lajarbelle.com\\\/#\\\/schema\\\/logo\\\/image\\\/\",\"url\":\"https:\\\/\\\/www.lajarbelle.com\\\/wp-content\\\/uploads\\\/2020\\\/05\\\/icone_lajarbelle.png\",\"contentUrl\":\"https:\\\/\\\/www.lajarbelle.com\\\/wp-content\\\/uploads\\\/2020\\\/05\\\/icone_lajarbelle.png\",\"width\":250,\"height\":250,\"caption\":\"SAS LA JARBELLE\"},\"image\":{\"@id\":\"https:\\\/\\\/www.lajarbelle.com\\\/#\\\/schema\\\/logo\\\/image\\\/\"},\"sameAs\":[\"https:\\\/\\\/www.facebook.com\\\/gitelajarbelle\",\"https:\\\/\\\/x.com\\\/lajarbelle\",\"https:\\\/\\\/instagram.com\\\/gite_lajarbelle\",\"http:\\\/\\\/www.linkedin.com\\\/in\\\/guillaume-plisson-05200\",\"https:\\\/\\\/www.pinterest.fr\\\/lajarbelle\"]}]}<\/script>\n<!-- \/ Yoast SEO Premium plugin. -->","yoast_head_json":{"title":"Spa r\u00e8glement int\u00e9rieur","description":"R\u00e8glement int\u00e9rieur de l'espace bien-\u00eatre du g\u00eete de la jarbelle aux orres - hautes-alpes. Acc\u00e8s priv\u00e9 r\u00e9serv\u00e9 aux propri\u00e9taires et aux h\u00f4tes.","robots":{"index":"index","follow":"follow","max-snippet":"max-snippet:-1","max-image-preview":"max-image-preview:large","max-video-preview":"max-video-preview:-1"},"canonical":"https:\/\/www.lajarbelle.com\/index.php\/rispa\/","og_locale":"fr_FR","og_type":"article","og_title":"R\u00e8glement int\u00e9rieur de l'espace bien-\u00eatre","og_description":"R\u00e8glement int\u00e9rieur de l'espace bien-\u00eatre du g\u00eete de la jarbelle aux orres - hautes-alpes. Acc\u00e8s priv\u00e9 r\u00e9serv\u00e9 aux propri\u00e9taires et aux h\u00f4tes.","og_url":"https:\/\/www.lajarbelle.com\/index.php\/rispa\/","og_site_name":"La Jarbelle - G\u00eetes et Spa","article_publisher":"https:\/\/www.facebook.com\/gitelajarbelle","article_modified_time":"2023-06-26T06:47:07+00:00","og_image":[{"width":2820,"height":2300,"url":"https:\/\/www.lajarbelle.com\/wp-content\/uploads\/2019\/03\/Logo_Jarbelle_Definitif_Paysage_512.png","type":"image\/png"}],"twitter_card":"summary_large_image","twitter_site":"@lajarbelle","twitter_misc":{"Dur\u00e9e de lecture estim\u00e9e":"4 minutes"},"schema":{"@context":"https:\/\/schema.org","@graph":[{"@type":"WebPage","@id":"https:\/\/www.lajarbelle.com\/index.php\/rispa\/","url":"https:\/\/www.lajarbelle.com\/index.php\/rispa\/","name":"Spa r\u00e8glement int\u00e9rieur","isPartOf":{"@id":"https:\/\/www.lajarbelle.com\/#website"},"datePublished":"2019-02-11T15:21:33+00:00","dateModified":"2023-06-26T06:47:07+00:00","description":"R\u00e8glement int\u00e9rieur de l'espace bien-\u00eatre du g\u00eete de la jarbelle aux orres - hautes-alpes. Acc\u00e8s priv\u00e9 r\u00e9serv\u00e9 aux propri\u00e9taires et aux h\u00f4tes.","breadcrumb":{"@id":"https:\/\/www.lajarbelle.com\/index.php\/rispa\/#breadcrumb"},"inLanguage":"fr-FR","potentialAction":[{"@type":"ReadAction","target":["https:\/\/www.lajarbelle.com\/index.php\/rispa\/"]}]},{"@type":"BreadcrumbList","@id":"https:\/\/www.lajarbelle.com\/index.php\/rispa\/#breadcrumb","itemListElement":[{"@type":"ListItem","position":1,"name":"Accueil","item":"https:\/\/www.lajarbelle.com\/"},{"@type":"ListItem","position":2,"name":"R\u00e8glement int\u00e9rieur de l&rsquo;espace bien-\u00eatre"}]},{"@type":"WebSite","@id":"https:\/\/www.lajarbelle.com\/#website","url":"https:\/\/www.lajarbelle.com\/","name":"La Jarbelle - G\u00eetes et Spa","description":"Le bien-\u00eatre \u00e0 la montagne","publisher":{"@id":"https:\/\/www.lajarbelle.com\/#organization"},"potentialAction":[{"@type":"SearchAction","target":{"@type":"EntryPoint","urlTemplate":"https:\/\/www.lajarbelle.com\/?s={search_term_string}"},"query-input":{"@type":"PropertyValueSpecification","valueRequired":true,"valueName":"search_term_string"}}],"inLanguage":"fr-FR"},{"@type":"Organization","@id":"https:\/\/www.lajarbelle.com\/#organization","name":"SAS LA JARBELLE","url":"https:\/\/www.lajarbelle.com\/","logo":{"@type":"ImageObject","inLanguage":"fr-FR","@id":"https:\/\/www.lajarbelle.com\/#\/schema\/logo\/image\/","url":"https:\/\/www.lajarbelle.com\/wp-content\/uploads\/2020\/05\/icone_lajarbelle.png","contentUrl":"https:\/\/www.lajarbelle.com\/wp-content\/uploads\/2020\/05\/icone_lajarbelle.png","width":250,"height":250,"caption":"SAS LA JARBELLE"},"image":{"@id":"https:\/\/www.lajarbelle.com\/#\/schema\/logo\/image\/"},"sameAs":["https:\/\/www.facebook.com\/gitelajarbelle","https:\/\/x.com\/lajarbelle","https:\/\/instagram.com\/gite_lajarbelle","http:\/\/www.linkedin.com\/in\/guillaume-plisson-05200","https:\/\/www.pinterest.fr\/lajarbelle"]}]}},"_links":{"self":[{"href":"https:\/\/www.lajarbelle.com\/index.php\/wp-json\/wp\/v2\/pages\/1446","targetHints":{"allow":["GET"]}}],"collection":[{"href":"https:\/\/www.lajarbelle.com\/index.php\/wp-json\/wp\/v2\/pages"}],"about":[{"href":"https:\/\/www.lajarbelle.com\/index.php\/wp-json\/wp\/v2\/types\/page"}],"author":[{"embeddable":true,"href":"https:\/\/www.lajarbelle.com\/index.php\/wp-json\/wp\/v2\/users\/1"}],"replies":[{"embeddable":true,"href":"https:\/\/www.lajarbelle.com\/index.php\/wp-json\/wp\/v2\/comments?post=1446"}],"version-history":[{"count":25,"href":"https:\/\/www.lajarbelle.com\/index.php\/wp-json\/wp\/v2\/pages\/1446\/revisions"}],"predecessor-version":[{"id":7373,"href":"https:\/\/www.lajarbelle.com\/index.php\/wp-json\/wp\/v2\/pages\/1446\/revisions\/7373"}],"wp:attachment":[{"href":"https:\/\/www.lajarbelle.com\/index.php\/wp-json\/wp\/v2\/media?parent=1446"}],"curies":[{"name":"wp","href":"https:\/\/api.w.org\/{rel}","templated":true}]}}