{"id":431,"date":"2018-06-12T11:47:52","date_gmt":"2018-06-12T11:47:52","guid":{"rendered":"https:\/\/themes.getmotopress.com\/alpenhouse\/?page_id=431"},"modified":"2023-06-03T19:04:44","modified_gmt":"2023-06-03T17:04:44","slug":"terms-conditions","status":"publish","type":"page","link":"https:\/\/www.lajarbelle.com\/index.php\/bienvenue-gite-la-jarbelle-les-orres\/terms-conditions\/","title":{"rendered":"Conditions G\u00e9n\u00e9rales d&rsquo;Utilisation"},"content":{"rendered":"<h3 style=\"text-align: center;\"><b>Conditions G\u00e9n\u00e9rales d&rsquo;Utilisation des sites<\/b><\/h3>\n<p style=\"text-align: center;\">www.lajarbelle.com &#8211; www.vacances-hautesalpes.com &#8211; www.gite-montagne.com<\/p>\n<p style=\"text-align: justify;\"><b>ARTICLE 1 : Objet<\/b><\/p>\n<p style=\"text-align: justify;\"><span style=\"font-weight: 400;\">Les pr\u00e9sentes \u00ab conditions g\u00e9n\u00e9rales d&rsquo;utilisation \u00bb ont pour objet l&rsquo;encadrement juridique des modalit\u00e9s de mise \u00e0 disposition des services des sites lajarbelle.com, vacances-hautesalpes.com, gite-montagne.com et leur utilisation par \u00ab l&rsquo;Utilisateur \u00bb.<\/span><\/p>\n<p style=\"text-align: justify;\"><span style=\"font-weight: 400;\">Les conditions g\u00e9n\u00e9rales d&rsquo;utilisation doivent \u00eatre accept\u00e9es par tout Utilisateur souhaitant acc\u00e9der au site. Elles constituent le contrat entre le site et l&rsquo;Utilisateur. L\u2019acc\u00e8s au site par l\u2019Utilisateur signifie son acceptation des pr\u00e9sentes conditions g\u00e9n\u00e9rales d\u2019utilisation.<\/span><\/p>\n<ul style=\"text-align: justify;\">\n<li style=\"font-weight: 400;\"><span style=\"font-weight: 400;\">En cas de non-acceptation des conditions g\u00e9n\u00e9rales d&rsquo;utilisation stipul\u00e9es dans le pr\u00e9sent contrat, l&rsquo;Utilisateur se doit de renoncer \u00e0 l&rsquo;acc\u00e8s aux services propos\u00e9s par le site.<\/span><\/li>\n<\/ul>\n<ul style=\"text-align: justify;\">\n<li style=\"font-weight: 400;\"><span style=\"font-weight: 400;\">SAS LA JARBELLE DES ORRES se r\u00e9serve le droit de modifier unilat\u00e9ralement et \u00e0 tout moment le contenu des pr\u00e9sentes conditions g\u00e9n\u00e9rales d&rsquo;utilisation.<\/span><\/li>\n<\/ul>\n<p style=\"text-align: justify;\"><b>ARTICLE 2 : Mentions l\u00e9gales<\/b><\/p>\n<p style=\"text-align: justify;\"><span style=\"font-weight: 400;\">L&rsquo;\u00e9dition des sites lajarbelle.com, vacances-hautesalpes.com et gite-montagne.com est assur\u00e9e par la SAS LA JARBELLE DES ORRES, Soci\u00e9t\u00e9 par Actions Simplifi\u00e9e au capital de 5.000\u20ac dont le si\u00e8ge social est situ\u00e9 au G\u00eete La Jarbelle, Hameau les ribes, 05200 Les Orres, immatricul\u00e9e au registre du commerce et des soci\u00e9t\u00e9s de GAP sous le num\u00e9ro 949 996 524.<\/span><\/p>\n<p style=\"text-align: justify;\"><span style=\"font-weight: 400;\">Le directeur de la publication est Monsieur Christian DOMBIS.<\/span><\/p>\n<p style=\"text-align: justify;\"><span style=\"font-weight: 400;\">L&rsquo;h\u00e9bergeur des sites lajarbelle.com, vacances-hautesalpes.com et gite-montagne.com est la Soci\u00e9t\u00e9 Hostinger France International.<\/span><\/p>\n<p style=\"text-align: justify;\"><b>ARTICLE 3 : D\u00e9finitions<\/b><\/p>\n<p style=\"text-align: justify;\"><span style=\"font-weight: 400;\">La pr\u00e9sente clause a pour objet de d\u00e9finir les diff\u00e9rents termes essentiels du contrat :<\/span><\/p>\n<ul style=\"text-align: justify;\">\n<li style=\"font-weight: 400;\"><span style=\"font-weight: 400;\">Utilisateur : ce terme d\u00e9signe toute personne qui utilise le site ou l&rsquo;un des services propos\u00e9s par le site.<\/span><\/li>\n<\/ul>\n<ul style=\"text-align: justify;\">\n<li style=\"font-weight: 400;\"><span style=\"font-weight: 400;\">Contenu utilisateur : ce sont les donn\u00e9es transmises par l&rsquo;Utilisateur au sein du site.<\/span><\/li>\n<\/ul>\n<ul style=\"text-align: justify;\">\n<li style=\"font-weight: 400;\"><span style=\"font-weight: 400;\">Membre : l&rsquo;Utilisateur devient membre lorsqu&rsquo;il est identifi\u00e9 sur le site.<\/span><\/li>\n<\/ul>\n<ul style=\"text-align: justify;\">\n<li style=\"font-weight: 400;\"><span style=\"font-weight: 400;\">Identifiant et mot de passe : c&rsquo;est l&rsquo;ensemble des informations n\u00e9cessaires \u00e0 l&rsquo;identification d&rsquo;un Utilisateur sur le site. L&rsquo;identifiant et le mot de passe permettent \u00e0 l&rsquo;Utilisateur d&rsquo;acc\u00e9der \u00e0 des services r\u00e9serv\u00e9s aux membres du site. Le mot de passe est confidentiel.<\/span><\/li>\n<\/ul>\n<p style=\"text-align: justify;\"><b>ARTICLE 4 : acc\u00e8s aux services<\/b><\/p>\n<p style=\"text-align: justify;\"><span style=\"font-weight: 400;\">Le site est accessible gratuitement en tout lieu \u00e0 tout Utilisateur ayant un acc\u00e8s \u00e0 Internet. Tous les frais support\u00e9s par l&rsquo;Utilisateur pour acc\u00e9der au service (mat\u00e9riel informatique, logiciels, connexion Internet, etc.) sont \u00e0 sa charge.<\/span><\/p>\n<p style=\"text-align: justify;\"><span style=\"font-weight: 400;\">Le site met en \u0153uvre tous les moyens mis \u00e0 sa disposition pour assurer un acc\u00e8s de qualit\u00e9 \u00e0 ses services. L&rsquo;obligation \u00e9tant de moyens, le site ne s&rsquo;engage pas \u00e0 atteindre ce r\u00e9sultat.<\/span><\/p>\n<p style=\"text-align: justify;\"><span style=\"font-weight: 400;\">Tout \u00e9v\u00e9nement d\u00fb \u00e0 un cas de force majeure ayant pour cons\u00e9quence un dysfonctionnement du r\u00e9seau ou du serveur n&rsquo;engage pas la responsabilit\u00e9 de la SAS LA JARBELLE DES ORRES.<\/span><\/p>\n<p style=\"text-align: justify;\"><span style=\"font-weight: 400;\">L&rsquo;acc\u00e8s aux services du site peut \u00e0 tout moment faire l&rsquo;objet d&rsquo;une interruption, d&rsquo;une suspension, d&rsquo;une modification sans pr\u00e9avis pour une maintenance ou pour tout autre cas. L&rsquo;Utilisateur s&rsquo;oblige \u00e0 ne r\u00e9clamer aucune indemnisation suite \u00e0 l&rsquo;interruption, \u00e0 la suspension ou \u00e0 la modification du pr\u00e9sent contrat.<\/span><\/p>\n<p style=\"text-align: justify;\"><span style=\"font-weight: 400;\">L&rsquo;Utilisateur a la possibilit\u00e9 de contacter le site par messagerie \u00e9lectronique \u00e0 l\u2019adresse infos@lajarbelle.com.<\/span><\/p>\n<p style=\"text-align: justify;\"><b>ARTICLE 5 : Propri\u00e9t\u00e9 intellectuelle<\/b><\/p>\n<p style=\"text-align: justify;\"><span style=\"font-weight: 400;\">SAS LA JARBELLE DES ORRES avise les utilisateurs de ce site que de nombreux \u00e9l\u00e9ments de ce site sont prot\u00e9g\u00e9s par la l\u00e9gislation sur le droit d\u2019auteur : ce peut \u00eatre notamment le cas des photographies, des articles, des dessins, des s\u00e9quences anim\u00e9es,&#8230; ;<\/span><\/p>\n<p style=\"text-align: justify;\"><span style=\"font-weight: 400;\">Les \u00e9l\u00e9ments ainsi prot\u00e9g\u00e9s sont la propri\u00e9t\u00e9 de la SAS LA JARBELLE DES ORRES ou de tiers ayant autoris\u00e9 SAS LA JARBELLE DES ORRES \u00e0 les exploiter.<\/span><\/p>\n<p style=\"text-align: justify;\"><span style=\"font-weight: 400;\">A ce titre, toute reproduction, repr\u00e9sentation, utilisation, adaptation, modification, incorporation, traduction, commercialisation, partielle ou int\u00e9grale par quelque proc\u00e9d\u00e9 et sur quelque support que ce soit (papier, num\u00e9rique, &#8230;) est interdite, sans l\u2019autorisation \u00e9crite pr\u00e9alable de la SAS LA JARBELLE DES ORRES , hormis les exceptions vis\u00e9es \u00e0 l\u2019article L 122.5 du Code de la Propri\u00e9t\u00e9 Intellectuelle, sous peine de constituer un d\u00e9lit de contrefa\u00e7on de droit d\u2019auteur et\/ou de dessins et mod\u00e8les et\/ou de marque, puni de deux ans d\u2019emprisonnement et de 152 449,02\u20ac d\u2019amende.<\/span><\/p>\n<p style=\"text-align: justify;\"><b>ARTICLE 6 : Donn\u00e9es personnelles<\/b><\/p>\n<p style=\"text-align: justify;\"><span style=\"font-weight: 400;\">La consultation des sites lajarbelle.com, vacances-hautesalpes.com et gite-montagne.com est possible sans que vous ayez \u00e0 r\u00e9v\u00e9ler votre identit\u00e9 ou toute autre information \u00e0 caract\u00e8re personnel vous concernant.<\/span><\/p>\n<p style=\"text-align: justify;\"><span style=\"font-weight: 400;\">Concernant les informations \u00e0 caract\u00e8re nominatif que vous seriez amen\u00e9 \u00e0 nous communiquer, vous b\u00e9n\u00e9ficiez d\u2019un droit d\u2019acc\u00e8s et de rectification conform\u00e9ment \u00e0 la loi fran\u00e7aise Informatique et Libert\u00e9 n\u00b0 78-17 du 6 janvier 1978. Vous pouvez exercer ce droit aupr\u00e8s de la SAS LA JARBELLE DES ORRES.<\/span><\/p>\n<p style=\"text-align: justify;\"><span style=\"font-weight: 400;\">La collecte de ces informations est n\u00e9cessaire pour r\u00e9pondre \u00e0 vos demandes de renseignement, de prise de rendez-vous et vous adresser, le cas \u00e9ch\u00e9ant, une lettre d\u2019information \u00e9lectronique.<\/span><\/p>\n<p style=\"text-align: justify;\"><span style=\"font-weight: 400;\">Nous vous signalons qu\u2019afin de vous proposer des produits et services toujours plus adapt\u00e9s, certaines informations \u00e0 caract\u00e8re non personnel, relatives \u00e0 votre activit\u00e9 sur ce site, seront automatiquement collect\u00e9es.<\/span><\/p>\n<p style=\"text-align: justify;\"><span style=\"font-weight: 400;\">Ces informations sont destin\u00e9es \u00e0 la SAS LA JARBELLE DES ORRES, et pourront \u00e9galement \u00eatre utilis\u00e9es dans le cadre d\u2019op\u00e9rations marketing ou servir de base \u00e0 des \u00e9tudes et analyses.<\/span><\/p>\n<p style=\"text-align: justify;\">Toutefois, la personne concern\u00e9e a le droit d&rsquo;obtenir du responsable du traitement, dans les meilleurs d\u00e9lais, la rectification ou l&rsquo;effacement des donn\u00e9es \u00e0 caract\u00e8re personnel la concernant. Compte tenu des finalit\u00e9s du traitement, la personne concern\u00e9e a le droit d&rsquo;obtenir que les donn\u00e9es \u00e0 caract\u00e8re personnel incompl\u00e8tes soient compl\u00e9t\u00e9es, y compris en fournissant une d\u00e9claration compl\u00e9mentaire.<\/p>\n<p style=\"text-align: justify;\"><b>ARTICLE 7 : Liens hypertextes<\/b><\/p>\n<p style=\"text-align: justify;\"><span style=\"font-weight: 400;\">La mise en place d\u2019un lien hypertexte vers l\u2019un des sites lajarbelle.com, vacances-hautesalpes.com ou gite-montagne.com n\u00e9cessite une autorisation pr\u00e9alable et \u00e9crite de la SAS LA JARBELLE DES ORRES.<\/span><\/p>\n<p style=\"text-align: justify;\"><span style=\"font-weight: 400;\">En tout \u00e9tat de cause, la SAS LA JARBELLE DES ORRES n\u2019est en aucun cas tenue responsable du contenu ainsi que des produits ou services propos\u00e9s sur les sites auxquels les sites lajarbelle.com, vacances-hautesalpes.com et gite-montagne.com se trouveraient li\u00e9s par des liens hypertextes ou tout autre type de lien.<\/span><\/p>\n<p style=\"text-align: justify;\"><b>ARTICLE 8 : Responsabilit\u00e9 et force majeure<\/b><\/p>\n<p style=\"text-align: justify;\"><span style=\"font-weight: 400;\">Les sources des informations diffus\u00e9es sur le site sont r\u00e9put\u00e9es fiables. Toutefois, le site se r\u00e9serve la facult\u00e9 d&rsquo;une non-garantie de la fiabilit\u00e9 des sources. Les informations donn\u00e9es sur le site le sont \u00e0 titre purement informatif. Ainsi, l&rsquo;Utilisateur assume seul l&rsquo;enti\u00e8re responsabilit\u00e9 de l&rsquo;utilisation des informations et contenus du pr\u00e9sent site.<\/span><\/p>\n<p style=\"text-align: justify;\"><span style=\"font-weight: 400;\">Tout usage du service par l&rsquo;Utilisateur ayant directement ou indirectement pour cons\u00e9quence des dommages doit faire l&rsquo;objet d&rsquo;une indemnisation au profit du site.<\/span><\/p>\n<p style=\"text-align: justify;\"><span style=\"font-weight: 400;\">Une garantie optimale de la s\u00e9curit\u00e9 et de la confidentialit\u00e9 des donn\u00e9es transmises n&rsquo;est pas assur\u00e9e par le site. Toutefois, le site s&rsquo;engage \u00e0 mettre en \u0153uvre tous les moyens n\u00e9cessaires afin de garantir au mieux la s\u00e9curit\u00e9 et la confidentialit\u00e9 des donn\u00e9es (cryptage SSL des donn\u00e9es lors des r\u00e9servations et des paiements en ligne).<\/span><\/p>\n<p style=\"text-align: justify;\"><span style=\"font-weight: 400;\">La responsabilit\u00e9 du site ne peut \u00eatre engag\u00e9e en cas de force majeure ou du fait impr\u00e9visible et insurmontable d&rsquo;un tiers.<\/span><\/p>\n<p style=\"text-align: justify;\"><b>ARTICLE 9 : Droit applicable et juridiction<\/b><\/p>\n<p style=\"text-align: justify;\"><span style=\"font-weight: 400;\">Les sites Internet lajarbelle.com, vacances-hautesalpes.com et gite-montagne.com et les pr\u00e9sentes conditions g\u00e9n\u00e9rales sont soumis au droit fran\u00e7ais et sont r\u00e9dig\u00e9s en fran\u00e7ais.<\/span><\/p>\n<p style=\"text-align: justify;\"><span style=\"font-weight: 400;\">Tout litige, diff\u00e9rend ou toute r\u00e9clamation d\u00e9coulant de et\/ou li\u00e9(e) aux pr\u00e9sentes Conditions G\u00e9n\u00e9rales d\u2019Utilisation, y compris les questions portant sur son existence, son ex\u00e9cution, son interpr\u00e9tation, sa validit\u00e9 ou son annulation, la r\u00e9siliation ou la nullit\u00e9 de celui-ci, est soumis(e) \u00e0 la comp\u00e9tence exclusive du Tribunal de Commerce de GAP, FRANCE, m\u00eame en cas d\u2019appel en garantie ou de pluralit\u00e9 de d\u00e9fendeurs :<\/span><\/p>\n<p style=\"text-align: center;\"><span style=\"font-weight: 400;\">Greffe du Tribunal de Commerce<\/span><\/p>\n<p style=\"text-align: center;\"><span style=\"font-weight: 400;\">Place Saint-Arnoux<\/span><\/p>\n<p style=\"text-align: center;\"><span style=\"font-weight: 400;\">CS 50140<\/span><\/p>\n<p style=\"text-align: center;\"><span style=\"font-weight: 400;\">05004 GAP Cedex<\/span><\/p>\n<p style=\"text-align: justify;\"><b>ARTICLE 10 : Mise \u00e0 jour<\/b><\/p>\n<p style=\"text-align: justify;\"><span style=\"font-weight: 400;\">SAS LA JARBELLE DES ORRES se r\u00e9serve le droit de modifier et de mettre \u00e0 jour, sans pr\u00e9avis, les pr\u00e9sentes Conditions G\u00e9n\u00e9rales et tous les \u00e9l\u00e9ments, produits ou services pr\u00e9sent\u00e9s sur le site.<\/span><\/p>\n<p style=\"text-align: justify;\"><span style=\"font-weight: 400;\">L\u2019ensemble de ces modifications s\u2019impose aux internautes qui doivent consulter les pr\u00e9sentes Conditions G\u00e9n\u00e9rales lors de chaque connexion.<\/span><\/p>\n<h2><\/h2>\n","protected":false},"excerpt":{"rendered":"<p>Conditions G\u00e9n\u00e9rales d&rsquo;Utilisation des sites www.lajarbelle.com &#8211; www.vacances-hautesalpes.com &#8211; www.gite-montagne.com ARTICLE 1 : Objet Les pr\u00e9sentes \u00ab conditions g\u00e9n\u00e9rales d&rsquo;utilisation \u00bb ont pour objet l&rsquo;encadrement juridique des modalit\u00e9s de mise \u00e0 disposition des services des sites lajarbelle.com, vacances-hautesalpes.com, gite-montagne.com et leur utilisation par \u00ab l&rsquo;Utilisateur \u00bb. Les conditions g\u00e9n\u00e9rales d&rsquo;utilisation doivent \u00eatre accept\u00e9es par tout [&hellip;]<\/p>\n","protected":false},"author":1,"featured_media":0,"parent":4302,"menu_order":0,"comment_status":"closed","ping_status":"closed","template":"template-boxed.php","meta":{"footnotes":""},"class_list":["post-431","page","type-page","status-publish","hentry"],"yoast_head":"<!-- This site is optimized with the Yoast SEO Premium plugin v25.6 (Yoast SEO v27.5) - https:\/\/yoast.com\/product\/yoast-seo-premium-wordpress\/ -->\n<title>CGU<\/title>\n<meta name=\"description\" content=\"Conditions G\u00e9n\u00e9rales d&#039;Utilisation des sites de la SAS LA JARBELLE \u00e0 savoir lajarbelle.com, vacances-hautesalpes.com, gite-montagne.com\" \/>\n<meta name=\"robots\" content=\"index, follow, max-snippet:-1, max-image-preview:large, max-video-preview:-1\" \/>\n<link rel=\"canonical\" href=\"https:\/\/www.lajarbelle.com\/index.php\/bienvenue-gite-la-jarbelle-les-orres\/terms-conditions\/\" \/>\n<meta property=\"og:locale\" content=\"fr_FR\" \/>\n<meta property=\"og:type\" content=\"article\" \/>\n<meta property=\"og:title\" content=\"Conditions G\u00e9n\u00e9rales d&#039;Utilisation\" \/>\n<meta property=\"og:description\" content=\"Conditions G\u00e9n\u00e9rales d&#039;Utilisation des sites de la SAS LA JARBELLE \u00e0 savoir lajarbelle.com, vacances-hautesalpes.com, gite-montagne.com\" \/>\n<meta property=\"og:url\" content=\"https:\/\/www.lajarbelle.com\/index.php\/bienvenue-gite-la-jarbelle-les-orres\/terms-conditions\/\" \/>\n<meta property=\"og:site_name\" content=\"La Jarbelle - G\u00eetes et Spa\" \/>\n<meta property=\"article:publisher\" content=\"https:\/\/www.facebook.com\/gitelajarbelle\" \/>\n<meta property=\"article:modified_time\" content=\"2023-06-03T17:04:44+00:00\" \/>\n<meta property=\"og:image\" content=\"https:\/\/www.lajarbelle.com\/wp-content\/uploads\/2019\/03\/Logo_Jarbelle_Definitif_Paysage_512.png\" \/>\n\t<meta property=\"og:image:width\" content=\"2820\" \/>\n\t<meta property=\"og:image:height\" content=\"2300\" \/>\n\t<meta property=\"og:image:type\" content=\"image\/png\" \/>\n<meta name=\"twitter:card\" content=\"summary_large_image\" \/>\n<meta name=\"twitter:site\" content=\"@lajarbelle\" \/>\n<meta name=\"twitter:label1\" content=\"Dur\u00e9e de lecture estim\u00e9e\" \/>\n\t<meta name=\"twitter:data1\" content=\"7 minutes\" \/>\n<script type=\"application\/ld+json\" class=\"yoast-schema-graph\">{\"@context\":\"https:\\\/\\\/schema.org\",\"@graph\":[{\"@type\":\"WebPage\",\"@id\":\"https:\\\/\\\/www.lajarbelle.com\\\/index.php\\\/bienvenue-gite-la-jarbelle-les-orres\\\/terms-conditions\\\/\",\"url\":\"https:\\\/\\\/www.lajarbelle.com\\\/index.php\\\/bienvenue-gite-la-jarbelle-les-orres\\\/terms-conditions\\\/\",\"name\":\"CGU\",\"isPartOf\":{\"@id\":\"https:\\\/\\\/www.lajarbelle.com\\\/#website\"},\"datePublished\":\"2018-06-12T11:47:52+00:00\",\"dateModified\":\"2023-06-03T17:04:44+00:00\",\"description\":\"Conditions G\u00e9n\u00e9rales d'Utilisation des sites de la SAS LA JARBELLE \u00e0 savoir lajarbelle.com, vacances-hautesalpes.com, gite-montagne.com\",\"breadcrumb\":{\"@id\":\"https:\\\/\\\/www.lajarbelle.com\\\/index.php\\\/bienvenue-gite-la-jarbelle-les-orres\\\/terms-conditions\\\/#breadcrumb\"},\"inLanguage\":\"fr-FR\",\"potentialAction\":[{\"@type\":\"ReadAction\",\"target\":[\"https:\\\/\\\/www.lajarbelle.com\\\/index.php\\\/bienvenue-gite-la-jarbelle-les-orres\\\/terms-conditions\\\/\"]}]},{\"@type\":\"BreadcrumbList\",\"@id\":\"https:\\\/\\\/www.lajarbelle.com\\\/index.php\\\/bienvenue-gite-la-jarbelle-les-orres\\\/terms-conditions\\\/#breadcrumb\",\"itemListElement\":[{\"@type\":\"ListItem\",\"position\":1,\"name\":\"Accueil\",\"item\":\"https:\\\/\\\/www.lajarbelle.com\\\/\"},{\"@type\":\"ListItem\",\"position\":2,\"name\":\"Accueil\",\"item\":\"https:\\\/\\\/www.lajarbelle.com\\\/\"},{\"@type\":\"ListItem\",\"position\":3,\"name\":\"Conditions G\u00e9n\u00e9rales d&rsquo;Utilisation\"}]},{\"@type\":\"WebSite\",\"@id\":\"https:\\\/\\\/www.lajarbelle.com\\\/#website\",\"url\":\"https:\\\/\\\/www.lajarbelle.com\\\/\",\"name\":\"La Jarbelle - G\u00eetes et Spa\",\"description\":\"Le bien-\u00eatre \u00e0 la montagne\",\"publisher\":{\"@id\":\"https:\\\/\\\/www.lajarbelle.com\\\/#organization\"},\"potentialAction\":[{\"@type\":\"SearchAction\",\"target\":{\"@type\":\"EntryPoint\",\"urlTemplate\":\"https:\\\/\\\/www.lajarbelle.com\\\/?s={search_term_string}\"},\"query-input\":{\"@type\":\"PropertyValueSpecification\",\"valueRequired\":true,\"valueName\":\"search_term_string\"}}],\"inLanguage\":\"fr-FR\"},{\"@type\":\"Organization\",\"@id\":\"https:\\\/\\\/www.lajarbelle.com\\\/#organization\",\"name\":\"SAS LA JARBELLE\",\"url\":\"https:\\\/\\\/www.lajarbelle.com\\\/\",\"logo\":{\"@type\":\"ImageObject\",\"inLanguage\":\"fr-FR\",\"@id\":\"https:\\\/\\\/www.lajarbelle.com\\\/#\\\/schema\\\/logo\\\/image\\\/\",\"url\":\"https:\\\/\\\/www.lajarbelle.com\\\/wp-content\\\/uploads\\\/2020\\\/05\\\/icone_lajarbelle.png\",\"contentUrl\":\"https:\\\/\\\/www.lajarbelle.com\\\/wp-content\\\/uploads\\\/2020\\\/05\\\/icone_lajarbelle.png\",\"width\":250,\"height\":250,\"caption\":\"SAS LA JARBELLE\"},\"image\":{\"@id\":\"https:\\\/\\\/www.lajarbelle.com\\\/#\\\/schema\\\/logo\\\/image\\\/\"},\"sameAs\":[\"https:\\\/\\\/www.facebook.com\\\/gitelajarbelle\",\"https:\\\/\\\/x.com\\\/lajarbelle\",\"https:\\\/\\\/instagram.com\\\/gite_lajarbelle\",\"http:\\\/\\\/www.linkedin.com\\\/in\\\/guillaume-plisson-05200\",\"https:\\\/\\\/www.pinterest.fr\\\/lajarbelle\"]}]}<\/script>\n<!-- \/ Yoast SEO Premium plugin. -->","yoast_head_json":{"title":"CGU","description":"Conditions G\u00e9n\u00e9rales d'Utilisation des sites de la SAS LA JARBELLE \u00e0 savoir lajarbelle.com, vacances-hautesalpes.com, gite-montagne.com","robots":{"index":"index","follow":"follow","max-snippet":"max-snippet:-1","max-image-preview":"max-image-preview:large","max-video-preview":"max-video-preview:-1"},"canonical":"https:\/\/www.lajarbelle.com\/index.php\/bienvenue-gite-la-jarbelle-les-orres\/terms-conditions\/","og_locale":"fr_FR","og_type":"article","og_title":"Conditions G\u00e9n\u00e9rales d'Utilisation","og_description":"Conditions G\u00e9n\u00e9rales d'Utilisation des sites de la SAS LA JARBELLE \u00e0 savoir lajarbelle.com, vacances-hautesalpes.com, gite-montagne.com","og_url":"https:\/\/www.lajarbelle.com\/index.php\/bienvenue-gite-la-jarbelle-les-orres\/terms-conditions\/","og_site_name":"La Jarbelle - G\u00eetes et Spa","article_publisher":"https:\/\/www.facebook.com\/gitelajarbelle","article_modified_time":"2023-06-03T17:04:44+00:00","og_image":[{"width":2820,"height":2300,"url":"https:\/\/www.lajarbelle.com\/wp-content\/uploads\/2019\/03\/Logo_Jarbelle_Definitif_Paysage_512.png","type":"image\/png"}],"twitter_card":"summary_large_image","twitter_site":"@lajarbelle","twitter_misc":{"Dur\u00e9e de lecture estim\u00e9e":"7 minutes"},"schema":{"@context":"https:\/\/schema.org","@graph":[{"@type":"WebPage","@id":"https:\/\/www.lajarbelle.com\/index.php\/bienvenue-gite-la-jarbelle-les-orres\/terms-conditions\/","url":"https:\/\/www.lajarbelle.com\/index.php\/bienvenue-gite-la-jarbelle-les-orres\/terms-conditions\/","name":"CGU","isPartOf":{"@id":"https:\/\/www.lajarbelle.com\/#website"},"datePublished":"2018-06-12T11:47:52+00:00","dateModified":"2023-06-03T17:04:44+00:00","description":"Conditions G\u00e9n\u00e9rales d'Utilisation des sites de la SAS LA JARBELLE \u00e0 savoir lajarbelle.com, vacances-hautesalpes.com, gite-montagne.com","breadcrumb":{"@id":"https:\/\/www.lajarbelle.com\/index.php\/bienvenue-gite-la-jarbelle-les-orres\/terms-conditions\/#breadcrumb"},"inLanguage":"fr-FR","potentialAction":[{"@type":"ReadAction","target":["https:\/\/www.lajarbelle.com\/index.php\/bienvenue-gite-la-jarbelle-les-orres\/terms-conditions\/"]}]},{"@type":"BreadcrumbList","@id":"https:\/\/www.lajarbelle.com\/index.php\/bienvenue-gite-la-jarbelle-les-orres\/terms-conditions\/#breadcrumb","itemListElement":[{"@type":"ListItem","position":1,"name":"Accueil","item":"https:\/\/www.lajarbelle.com\/"},{"@type":"ListItem","position":2,"name":"Accueil","item":"https:\/\/www.lajarbelle.com\/"},{"@type":"ListItem","position":3,"name":"Conditions G\u00e9n\u00e9rales d&rsquo;Utilisation"}]},{"@type":"WebSite","@id":"https:\/\/www.lajarbelle.com\/#website","url":"https:\/\/www.lajarbelle.com\/","name":"La Jarbelle - G\u00eetes et Spa","description":"Le bien-\u00eatre \u00e0 la montagne","publisher":{"@id":"https:\/\/www.lajarbelle.com\/#organization"},"potentialAction":[{"@type":"SearchAction","target":{"@type":"EntryPoint","urlTemplate":"https:\/\/www.lajarbelle.com\/?s={search_term_string}"},"query-input":{"@type":"PropertyValueSpecification","valueRequired":true,"valueName":"search_term_string"}}],"inLanguage":"fr-FR"},{"@type":"Organization","@id":"https:\/\/www.lajarbelle.com\/#organization","name":"SAS LA JARBELLE","url":"https:\/\/www.lajarbelle.com\/","logo":{"@type":"ImageObject","inLanguage":"fr-FR","@id":"https:\/\/www.lajarbelle.com\/#\/schema\/logo\/image\/","url":"https:\/\/www.lajarbelle.com\/wp-content\/uploads\/2020\/05\/icone_lajarbelle.png","contentUrl":"https:\/\/www.lajarbelle.com\/wp-content\/uploads\/2020\/05\/icone_lajarbelle.png","width":250,"height":250,"caption":"SAS LA JARBELLE"},"image":{"@id":"https:\/\/www.lajarbelle.com\/#\/schema\/logo\/image\/"},"sameAs":["https:\/\/www.facebook.com\/gitelajarbelle","https:\/\/x.com\/lajarbelle","https:\/\/instagram.com\/gite_lajarbelle","http:\/\/www.linkedin.com\/in\/guillaume-plisson-05200","https:\/\/www.pinterest.fr\/lajarbelle"]}]}},"_links":{"self":[{"href":"https:\/\/www.lajarbelle.com\/index.php\/wp-json\/wp\/v2\/pages\/431","targetHints":{"allow":["GET"]}}],"collection":[{"href":"https:\/\/www.lajarbelle.com\/index.php\/wp-json\/wp\/v2\/pages"}],"about":[{"href":"https:\/\/www.lajarbelle.com\/index.php\/wp-json\/wp\/v2\/types\/page"}],"author":[{"embeddable":true,"href":"https:\/\/www.lajarbelle.com\/index.php\/wp-json\/wp\/v2\/users\/1"}],"replies":[{"embeddable":true,"href":"https:\/\/www.lajarbelle.com\/index.php\/wp-json\/wp\/v2\/comments?post=431"}],"version-history":[{"count":13,"href":"https:\/\/www.lajarbelle.com\/index.php\/wp-json\/wp\/v2\/pages\/431\/revisions"}],"predecessor-version":[{"id":7188,"href":"https:\/\/www.lajarbelle.com\/index.php\/wp-json\/wp\/v2\/pages\/431\/revisions\/7188"}],"up":[{"embeddable":true,"href":"https:\/\/www.lajarbelle.com\/index.php\/wp-json\/wp\/v2\/pages\/4302"}],"wp:attachment":[{"href":"https:\/\/www.lajarbelle.com\/index.php\/wp-json\/wp\/v2\/media?parent=431"}],"curies":[{"name":"wp","href":"https:\/\/api.w.org\/{rel}","templated":true}]}}